{"id":76,"date":"2019-07-11T13:39:35","date_gmt":"2019-07-11T11:39:35","guid":{"rendered":"http:\/\/nightfoxandco.com\/?page_id=76"},"modified":"2022-04-24T23:34:59","modified_gmt":"2022-04-24T21:34:59","slug":"question","status":"publish","type":"page","link":"https:\/\/nightfoxandco.com\/?page_id=76","title":{"rendered":"Quest?Ion"},"content":{"rendered":"\n<figure class=\"wp-block-image\"><a href=\"https:\/\/nightfoxandco.com\/wp-content\/uploads\/2019\/07\/question_cart.png\" target=\"_blank\" rel=\"noopener\"><img loading=\"lazy\" decoding=\"async\" width=\"1024\" height=\"663\" src=\"https:\/\/nightfoxandco.com\/wp-content\/uploads\/2019\/07\/question_cart-1024x663.png\" alt=\"\" class=\"wp-image-358\" srcset=\"https:\/\/nightfoxandco.com\/wp-content\/uploads\/2019\/07\/question_cart-1024x663.png 1024w, https:\/\/nightfoxandco.com\/wp-content\/uploads\/2019\/07\/question_cart-300x194.png 300w, https:\/\/nightfoxandco.com\/wp-content\/uploads\/2019\/07\/question_cart-768x497.png 768w, https:\/\/nightfoxandco.com\/wp-content\/uploads\/2019\/07\/question_cart.png 1100w\" sizes=\"auto, (max-width: 1024px) 100vw, 1024px\" \/><\/a><\/figure>\n\n\n\n<div style=\"height:25px\" aria-hidden=\"true\" class=\"wp-block-spacer\"><\/div>\n\n\n\n<div class=\"wp-block-media-text alignwide is-stacked-on-mobile\" style=\"grid-template-columns:33% auto\"><figure class=\"wp-block-media-text__media\"><a href=\"https:\/\/webmsx.org?MACHINE=MSX2A&amp;DISK=https:\/\/github.com\/knightfox75\/question_ggj15\/releases\/download\/1.0.0\/question.dsk&amp;BASIC_RUN=question.bas&amp;SCREEN_FULLSCREEN_MODE=2\" target=\"_blank\" rel=\"noopener\"><img loading=\"lazy\" decoding=\"async\" width=\"1000\" height=\"500\" src=\"https:\/\/nightfoxandco.com\/wp-content\/uploads\/2022\/04\/wmsx_logo.png\" alt=\"\" class=\"wp-image-1226 size-full\" srcset=\"https:\/\/nightfoxandco.com\/wp-content\/uploads\/2022\/04\/wmsx_logo.png 1000w, https:\/\/nightfoxandco.com\/wp-content\/uploads\/2022\/04\/wmsx_logo-300x150.png 300w, https:\/\/nightfoxandco.com\/wp-content\/uploads\/2022\/04\/wmsx_logo-768x384.png 768w\" sizes=\"auto, (max-width: 1000px) 100vw, 1000px\" \/><\/a><\/figure><div class=\"wp-block-media-text__content\">\n<p class=\"has-normal-font-size\">Juega on-line gracias al\u00a0<a rel=\"noreferrer noopener\" href=\"https:\/\/webmsx.org\/\" target=\"_blank\">emulador WMSX<\/a>.<\/p>\n<\/div><\/div>\n\n\n\n<div style=\"height:25px\" aria-hidden=\"true\" class=\"wp-block-spacer\"><\/div>\n\n\n\n<p>Quest?ion es un juego programado en MSX-BASIC en 48 h durante la celebraci\u00f3n de la <a href=\"https:\/\/globalgamejam.org\/2015\/games\/quest-ion\" target=\"_blank\" rel=\"noreferrer noopener\" aria-label=\"Global Game Jam 2015 (abre en una nueva pesta\u00f1a)\">Global Game Jam 2015<\/a>.<br>Como uno de los retos de ese a\u00f1o fue que el juego funcionara en una plataforma \u00abcl\u00e1sica\u00bb, decidimos desarrollarlo para MSX, con un MSX de verdad, en concreto un Philips NMS8245 y usando todas las t\u00e9cnicas \u00aba la antigua\u00bb, como por ejemplo usar los libros de referencia de BASIC en vez de buscar en Internet.<\/p>\n\n\n\n<div style=\"height:25px\" aria-hidden=\"true\" class=\"wp-block-spacer\"><\/div>\n\n\n\n<figure class=\"wp-block-image\"><a href=\"https:\/\/nightfoxandco.com\/wp-content\/uploads\/2019\/07\/question_1.png\" target=\"_blank\" rel=\"noopener\"><img loading=\"lazy\" decoding=\"async\" width=\"1024\" height=\"775\" src=\"https:\/\/nightfoxandco.com\/wp-content\/uploads\/2019\/07\/question_1-1024x775.png\" alt=\"\" class=\"wp-image-329\" srcset=\"https:\/\/nightfoxandco.com\/wp-content\/uploads\/2019\/07\/question_1-1024x775.png 1024w, https:\/\/nightfoxandco.com\/wp-content\/uploads\/2019\/07\/question_1-300x227.png 300w, https:\/\/nightfoxandco.com\/wp-content\/uploads\/2019\/07\/question_1-768x581.png 768w, https:\/\/nightfoxandco.com\/wp-content\/uploads\/2019\/07\/question_1-1536x1162.png 1536w, https:\/\/nightfoxandco.com\/wp-content\/uploads\/2019\/07\/question_1-250x188.png 250w, https:\/\/nightfoxandco.com\/wp-content\/uploads\/2019\/07\/question_1.png 1572w\" sizes=\"auto, (max-width: 1024px) 100vw, 1024px\" \/><\/a><\/figure>\n\n\n\n<div style=\"height:25px\" aria-hidden=\"true\" class=\"wp-block-spacer\"><\/div>\n\n\n\n<p>Dos de los retos m\u00e1s importantes a los que nos enfrentamos fueron el tiempo y poder dise\u00f1ar un juego que utilizara el mayor n\u00famero de diversificadores posibles.<\/p>\n\n\n\n<p>En nuestro caso decidimos optar a los siguientes:<\/p>\n\n\n\n<ul class=\"wp-block-list\"><li>NES: Haz que el juego sea jugable en una consola \u00abold school\u00bb, ya sea directamente en ella o usando un emulador.<\/li><\/ul>\n\n\n\n<ul class=\"wp-block-list\"><li>Stephen Hawking puede jugar a esto: En el juego absolutamente todo (incluido cualquier men\u00fa) tiene que poder hacerse con solo un bot\u00f3n, sin la necesidad de requerir pulsaciones r\u00e1pidas o precisas.<\/li><\/ul>\n\n\n\n<ul class=\"wp-block-list\"><li>Hablando relativamente: El juego est\u00e1 basado en el centenario de la teor\u00eda de la relatividad de Albert Einstein, que explica como objetos masivos causan una distorsi\u00f3n en el tejido espacio-temporal, como la curvatura de la luz alrededor de los agujeros negros.<\/li><\/ul>\n\n\n\n<ul class=\"wp-block-list\"><li>Programa para el bien (Patrocinado por Intel [TM]): Haz un juego el objetivo del cual mejore o inspire el inter\u00e9s en la ciencia, tecnolog\u00eda, ingenier\u00eda o matem\u00e1ticas. <\/li><\/ul>\n\n\n\n<p>As\u00ed pues, nos planteamos hacer un juego de preguntas, todas relacionadas con la astrof\u00edsica y la teor\u00eda de la relatividad, el cual se puede jugar enteramente pulsando la tecla espacio o el bot\u00f3n del joystick\/gamepad y, adem\u00e1s, programado y ejecutado en un ordenador MSX.<\/p>\n\n\n\n<div style=\"height:25px\" aria-hidden=\"true\" class=\"wp-block-spacer\"><\/div>\n\n\n\n<figure class=\"wp-block-image\"><a href=\"https:\/\/nightfoxandco.com\/wp-content\/uploads\/2019\/07\/question_2.png\" target=\"_blank\" rel=\"noopener\"><img loading=\"lazy\" decoding=\"async\" width=\"1024\" height=\"775\" src=\"https:\/\/nightfoxandco.com\/wp-content\/uploads\/2019\/07\/question_2-1024x775.png\" alt=\"\" class=\"wp-image-331\" srcset=\"https:\/\/nightfoxandco.com\/wp-content\/uploads\/2019\/07\/question_2-1024x775.png 1024w, https:\/\/nightfoxandco.com\/wp-content\/uploads\/2019\/07\/question_2-300x227.png 300w, https:\/\/nightfoxandco.com\/wp-content\/uploads\/2019\/07\/question_2-768x581.png 768w, https:\/\/nightfoxandco.com\/wp-content\/uploads\/2019\/07\/question_2-1536x1162.png 1536w, https:\/\/nightfoxandco.com\/wp-content\/uploads\/2019\/07\/question_2-250x188.png 250w, https:\/\/nightfoxandco.com\/wp-content\/uploads\/2019\/07\/question_2.png 1572w\" sizes=\"auto, (max-width: 1024px) 100vw, 1024px\" \/><\/a><\/figure>\n\n\n\n<div style=\"height:25px\" aria-hidden=\"true\" class=\"wp-block-spacer\"><\/div>\n\n\n\n<p>Tambi\u00e9n justificamos el juego con una mini-historia:<br>Somos miembros de un equipo cient\u00edfico enviado al borde de un agujero negro para su estudio. Nuestra sed de conocimiento y temeridad ha provocado que nuestra nave cient\u00edfica quede atrapada en el campo gravitatorio del agujero y nos acerca inexorablemente a su interior, con la consecuente destrucci\u00f3n de nuestra nave. Nuestra \u00fanica oportunidad ser\u00e1 resolver una serie de \u00abproblemas\u00bb que pondr\u00e1n a prueba nuestros conocimientos, los cuales nos permitir\u00e1n escapar de tal fat\u00eddico destino. <\/p>\n\n\n\n<div style=\"height:25px\" aria-hidden=\"true\" class=\"wp-block-spacer\"><\/div>\n\n\n\n<figure class=\"wp-block-embed is-type-video is-provider-youtube wp-block-embed-youtube wp-embed-aspect-16-9 wp-has-aspect-ratio\"><div class=\"wp-block-embed__wrapper\">\n<iframe loading=\"lazy\" title=\"MSX Question gameplay\" width=\"780\" height=\"439\" src=\"https:\/\/www.youtube.com\/embed\/ntfiHVQFSRA?feature=oembed\" frameborder=\"0\" allow=\"accelerometer; autoplay; clipboard-write; encrypted-media; gyroscope; picture-in-picture\" allowfullscreen><\/iframe>\n<\/div><\/figure>\n\n\n\n<div style=\"height:50px\" aria-hidden=\"true\" class=\"wp-block-spacer\"><\/div>\n\n\n\n<figure class=\"wp-block-image is-resized\"><a href=\"https:\/\/github.com\/knightfox75\/question_ggj15\" target=\"_blank\" rel=\"noreferrer noopener\"><img loading=\"lazy\" decoding=\"async\" src=\"http:\/\/nightfoxandco.com\/wp-content\/uploads\/2019\/07\/download_icon-1024x160.png\" alt=\"\" class=\"wp-image-94\" width=\"512\" height=\"80\" srcset=\"https:\/\/nightfoxandco.com\/wp-content\/uploads\/2019\/07\/download_icon-1024x160.png 1024w, https:\/\/nightfoxandco.com\/wp-content\/uploads\/2019\/07\/download_icon-300x47.png 300w, https:\/\/nightfoxandco.com\/wp-content\/uploads\/2019\/07\/download_icon-768x120.png 768w, https:\/\/nightfoxandco.com\/wp-content\/uploads\/2019\/07\/download_icon-1536x240.png 1536w, https:\/\/nightfoxandco.com\/wp-content\/uploads\/2019\/07\/download_icon.png 1641w\" sizes=\"auto, (max-width: 512px) 100vw, 512px\" \/><\/a><\/figure>\n\n\n\n<div style=\"height:100px\" aria-hidden=\"true\" class=\"wp-block-spacer\"><\/div>\n\n\n\n<figure class=\"wp-block-image is-resized\"><a href=\"https:\/\/creativecommons.org\/licenses\/by-nc\/4.0\/\" target=\"_blank\" rel=\"noreferrer noopener\"><img loading=\"lazy\" decoding=\"async\" src=\"http:\/\/nightfoxandco.com\/wp-content\/uploads\/2019\/07\/cc_by-nc.png\" alt=\"\" class=\"wp-image-83\" width=\"101\" height=\"35\" srcset=\"https:\/\/nightfoxandco.com\/wp-content\/uploads\/2019\/07\/cc_by-nc.png 403w, https:\/\/nightfoxandco.com\/wp-content\/uploads\/2019\/07\/cc_by-nc-300x105.png 300w\" sizes=\"auto, (max-width: 101px) 100vw, 101px\" \/><\/a><\/figure>\n\n\n\n<div style=\"height:100px\" aria-hidden=\"true\" class=\"wp-block-spacer\"><\/div>\n","protected":false},"excerpt":{"rendered":"<p>Juega on-line gracias al\u00a0emulador WMSX. Quest?ion es un juego programado en MSX-BASIC en 48 h durante la celebraci\u00f3n de la Global Game Jam 2015.Como uno de los retos de ese a\u00f1o fue que el juego funcionara en una plataforma \u00abcl\u00e1sica\u00bb, decidimos desarrollarlo para MSX, con un MSX de verdad, en concreto un Philips NMS8245 y <a class=\"more-link\" href=\"https:\/\/nightfoxandco.com\/?page_id=76\">Read More &#8230;<\/a><\/p>\n","protected":false},"author":1,"featured_media":0,"parent":58,"menu_order":200,"comment_status":"closed","ping_status":"closed","template":"","meta":{"footnotes":""},"class_list":["post-76","page","type-page","status-publish","hentry"],"_links":{"self":[{"href":"https:\/\/nightfoxandco.com\/index.php?rest_route=\/wp\/v2\/pages\/76","targetHints":{"allow":["GET"]}}],"collection":[{"href":"https:\/\/nightfoxandco.com\/index.php?rest_route=\/wp\/v2\/pages"}],"about":[{"href":"https:\/\/nightfoxandco.com\/index.php?rest_route=\/wp\/v2\/types\/page"}],"author":[{"embeddable":true,"href":"https:\/\/nightfoxandco.com\/index.php?rest_route=\/wp\/v2\/users\/1"}],"replies":[{"embeddable":true,"href":"https:\/\/nightfoxandco.com\/index.php?rest_route=%2Fwp%2Fv2%2Fcomments&post=76"}],"version-history":[{"count":15,"href":"https:\/\/nightfoxandco.com\/index.php?rest_route=\/wp\/v2\/pages\/76\/revisions"}],"predecessor-version":[{"id":1236,"href":"https:\/\/nightfoxandco.com\/index.php?rest_route=\/wp\/v2\/pages\/76\/revisions\/1236"}],"up":[{"embeddable":true,"href":"https:\/\/nightfoxandco.com\/index.php?rest_route=\/wp\/v2\/pages\/58"}],"wp:attachment":[{"href":"https:\/\/nightfoxandco.com\/index.php?rest_route=%2Fwp%2Fv2%2Fmedia&parent=76"}],"curies":[{"name":"wp","href":"https:\/\/api.w.org\/{rel}","templated":true}]}}