{"id":74,"date":"2019-07-11T13:39:18","date_gmt":"2019-07-11T11:39:18","guid":{"rendered":"http:\/\/nightfoxandco.com\/?page_id=74"},"modified":"2022-04-24T23:41:20","modified_gmt":"2022-04-24T21:41:20","slug":"the-lost-mines","status":"publish","type":"page","link":"https:\/\/nightfoxandco.com\/?page_id=74","title":{"rendered":"The Lost Mines"},"content":{"rendered":"\n<figure class=\"wp-block-image\"><a href=\"https:\/\/nightfoxandco.com\/wp-content\/uploads\/2019\/07\/the_lost_mines_cart.png\" target=\"_blank\" rel=\"noopener\"><img loading=\"lazy\" decoding=\"async\" width=\"1024\" height=\"663\" src=\"https:\/\/nightfoxandco.com\/wp-content\/uploads\/2019\/07\/the_lost_mines_cart-1024x663.png\" alt=\"\" class=\"wp-image-354\" srcset=\"https:\/\/nightfoxandco.com\/wp-content\/uploads\/2019\/07\/the_lost_mines_cart-1024x663.png 1024w, https:\/\/nightfoxandco.com\/wp-content\/uploads\/2019\/07\/the_lost_mines_cart-300x194.png 300w, https:\/\/nightfoxandco.com\/wp-content\/uploads\/2019\/07\/the_lost_mines_cart-768x497.png 768w, https:\/\/nightfoxandco.com\/wp-content\/uploads\/2019\/07\/the_lost_mines_cart.png 1100w\" sizes=\"auto, (max-width: 1024px) 100vw, 1024px\" \/><\/a><\/figure>\n\n\n\n<div style=\"height:25px\" aria-hidden=\"true\" class=\"wp-block-spacer\"><\/div>\n\n\n\n<div class=\"wp-block-media-text alignwide is-stacked-on-mobile\" style=\"grid-template-columns:33% auto\"><figure class=\"wp-block-media-text__media\"><a href=\"https:\/\/www.ebsoft.fr\/shop\/es\/home\/50-the-lost-mines.html\" target=\"_blank\" rel=\"noopener\"><img loading=\"lazy\" decoding=\"async\" width=\"356\" height=\"186\" src=\"https:\/\/nightfoxandco.com\/wp-content\/uploads\/2019\/07\/msx_repro_factory-1.png\" alt=\"\" class=\"wp-image-310 size-full\" srcset=\"https:\/\/nightfoxandco.com\/wp-content\/uploads\/2019\/07\/msx_repro_factory-1.png 356w, https:\/\/nightfoxandco.com\/wp-content\/uploads\/2019\/07\/msx_repro_factory-1-300x157.png 300w\" sizes=\"auto, (max-width: 356px) 100vw, 356px\" \/><\/a><\/figure><div class=\"wp-block-media-text__content\">\n<p class=\"has-normal-font-size\"><strong>Compra aqu\u00ed tu copia f\u00edsica<\/strong><\/p>\n<\/div><\/div>\n\n\n\n<div class=\"wp-block-media-text alignwide is-stacked-on-mobile\" style=\"grid-template-columns:33% auto\"><figure class=\"wp-block-media-text__media\"><a href=\"https:\/\/webmsx.org?MACHINE=MSX1E&amp;DISK=https:\/\/github.com\/knightfox75\/the_lost_mines\/releases\/download\/1.5.0\/the_lost_mines_extended.dsk&amp;SCREEN_FULLSCREEN_MODE=2\" target=\"_blank\" rel=\"noopener\"><img loading=\"lazy\" decoding=\"async\" width=\"1000\" height=\"500\" src=\"https:\/\/nightfoxandco.com\/wp-content\/uploads\/2022\/04\/wmsx_logo.png\" alt=\"\" class=\"wp-image-1226 size-full\" srcset=\"https:\/\/nightfoxandco.com\/wp-content\/uploads\/2022\/04\/wmsx_logo.png 1000w, https:\/\/nightfoxandco.com\/wp-content\/uploads\/2022\/04\/wmsx_logo-300x150.png 300w, https:\/\/nightfoxandco.com\/wp-content\/uploads\/2022\/04\/wmsx_logo-768x384.png 768w\" sizes=\"auto, (max-width: 1000px) 100vw, 1000px\" \/><\/a><\/figure><div class=\"wp-block-media-text__content\">\n<p class=\"has-normal-font-size\">Juega on-line gracias al\u00a0<a rel=\"noreferrer noopener\" href=\"https:\/\/webmsx.org\/\" target=\"_blank\">emulador WMSX<\/a>.<\/p>\n<\/div><\/div>\n\n\n\n<div class=\"wp-block-media-text alignwide is-stacked-on-mobile\" style=\"grid-template-columns:33% auto\"><figure class=\"wp-block-media-text__media\"><a href=\"https:\/\/nightfoxandco.com\/?page_id=1121\"><img loading=\"lazy\" decoding=\"async\" width=\"1024\" height=\"439\" src=\"https:\/\/nightfoxandco.com\/wp-content\/uploads\/2022\/04\/the_lost_mines_wider_cover_image-1024x439.png\" alt=\"\" class=\"wp-image-1212 size-full\" srcset=\"https:\/\/nightfoxandco.com\/wp-content\/uploads\/2022\/04\/the_lost_mines_wider_cover_image-1024x439.png 1024w, https:\/\/nightfoxandco.com\/wp-content\/uploads\/2022\/04\/the_lost_mines_wider_cover_image-300x129.png 300w, https:\/\/nightfoxandco.com\/wp-content\/uploads\/2022\/04\/the_lost_mines_wider_cover_image-768x329.png 768w, https:\/\/nightfoxandco.com\/wp-content\/uploads\/2022\/04\/the_lost_mines_wider_cover_image.png 1280w\" sizes=\"auto, (max-width: 1024px) 100vw, 1024px\" \/><\/a><\/figure><div class=\"wp-block-media-text__content\">\n<p class=\"has-normal-font-size\">O compra el remake para Windows y Linux para PC.<\/p>\n<\/div><\/div>\n\n\n\n<div style=\"height:25px\" aria-hidden=\"true\" class=\"wp-block-spacer\"><\/div>\n\n\n\n<p>La historia del proyecto.<br> The Lost Mines fue uno de los primeros juegos \u00abcompletos\u00bb que realic\u00e9. A\u00fan teniendo algunos pecados de juventud, dado que lo program\u00e9 siendo a\u00fan adolescente, cuando vi la posibilidad de editarlo en formato f\u00edsico me anim\u00e9 a rescatarlo del ba\u00fal de los recuerdos.<\/p>\n\n\n\n<p>Programado en lenguaje BASIC para ordenadores de 8 bits de la norma MSX, la primera versi\u00f3n del juego la distribu\u00ed a varios amigos en formato cinta, lo cual fue muy \u00fatil para su verificaci\u00f3n, tanto para equilibrar la dificultad como para descubrir posibles fallos.<br> Teniendo varias copias a buen recaudo en cinta, en el a\u00f1o 1996 se me abri\u00f3 una nueva posibilidad para conservar mi primer juego. Gracias a una utilidad de MS-DOS (de la cual no recuerdo ya el nombre), fue posible a trav\u00e9s de mi tarjeta de sonido Sound Blaster, pasar el juego de formato cinta a archivo de PC, con lo que, gracias a los emuladores de la \u00e9poca, me fue posible crear una imagen de disquete en formato MSX con el juego.<br> Y en mi PC estuvo guardada esta imagen, hasta que por casualidad encontr\u00e9 una web en Francia donde venden cartuchos v\u00edrgenes para realizarte tus propias ediciones. <\/p>\n\n\n\n<div style=\"height:25px\" aria-hidden=\"true\" class=\"wp-block-spacer\"><\/div>\n\n\n\n<figure class=\"wp-block-image\"><a href=\"https:\/\/nightfoxandco.com\/wp-content\/uploads\/2019\/07\/the_lost_mines_1.png\" target=\"_blank\" rel=\"noopener\"><img loading=\"lazy\" decoding=\"async\" width=\"1024\" height=\"775\" src=\"http:\/\/nightfoxandco.com\/wp-content\/uploads\/2019\/07\/the_lost_mines_1-1024x775.png\" alt=\"\" class=\"wp-image-298\" srcset=\"https:\/\/nightfoxandco.com\/wp-content\/uploads\/2019\/07\/the_lost_mines_1-1024x775.png 1024w, https:\/\/nightfoxandco.com\/wp-content\/uploads\/2019\/07\/the_lost_mines_1-300x227.png 300w, https:\/\/nightfoxandco.com\/wp-content\/uploads\/2019\/07\/the_lost_mines_1-768x581.png 768w, https:\/\/nightfoxandco.com\/wp-content\/uploads\/2019\/07\/the_lost_mines_1-1536x1162.png 1536w, https:\/\/nightfoxandco.com\/wp-content\/uploads\/2019\/07\/the_lost_mines_1-250x188.png 250w, https:\/\/nightfoxandco.com\/wp-content\/uploads\/2019\/07\/the_lost_mines_1.png 1572w\" sizes=\"auto, (max-width: 1024px) 100vw, 1024px\" \/><\/a><\/figure>\n\n\n\n<div style=\"height:25px\" aria-hidden=\"true\" class=\"wp-block-spacer\"><\/div>\n\n\n\n<p>El primer problema que me encontr\u00e9 fue de capacidad. Aunque el cartucho admite hasta 64 kb de memoria, el programa de conversi\u00f3n de BASIC a ROM  tiene un l\u00edmite de 16 KB, con lo que tuve que optimizar el c\u00f3digo y sin ninguna otra soluci\u00f3n posible, recortar el contenido del juego, eliminando 4 niveles, pasando de los 15 originales a 11. Y funcion\u00f3, uno de mis primeros juegos en formato f\u00edsico. Al publicarlo en Facebook, muchos de mis colegas empezaron a pedirme una copia. Adem\u00e1s, teniendo a 3 semanas vista la ruMSX de Barcelona, decid\u00ed realizar una primera tirada de 10 unidades, una edici\u00f3n simple con solo el cartucho. Viendo el relativo \u00e9xito de la misma, decid\u00ed realizar otra edici\u00f3n \u00abcon caja\u00bb, la cual es la que actualmente se distribuye. <\/p>\n\n\n\n<div style=\"height:25px\" aria-hidden=\"true\" class=\"wp-block-spacer\"><\/div>\n\n\n\n<figure class=\"wp-block-gallery has-nested-images columns-2 is-cropped wp-block-gallery-1 is-layout-flex wp-block-gallery-is-layout-flex\">\n<figure class=\"wp-block-image size-large\"><a href=\"https:\/\/nightfoxandco.com\/wp-content\/uploads\/2019\/07\/the_lost_mines_photo_1.jpg\" target=\"_blank\" rel=\"noopener\"><img loading=\"lazy\" decoding=\"async\" width=\"1024\" height=\"768\" data-id=\"271\" src=\"http:\/\/nightfoxandco.com\/wp-content\/uploads\/2019\/07\/the_lost_mines_photo_1-1024x768.jpg\" alt=\"\" class=\"wp-image-271\" srcset=\"https:\/\/nightfoxandco.com\/wp-content\/uploads\/2019\/07\/the_lost_mines_photo_1-1024x768.jpg 1024w, https:\/\/nightfoxandco.com\/wp-content\/uploads\/2019\/07\/the_lost_mines_photo_1-300x225.jpg 300w, https:\/\/nightfoxandco.com\/wp-content\/uploads\/2019\/07\/the_lost_mines_photo_1-768x576.jpg 768w, https:\/\/nightfoxandco.com\/wp-content\/uploads\/2019\/07\/the_lost_mines_photo_1-350x263.jpg 350w, https:\/\/nightfoxandco.com\/wp-content\/uploads\/2019\/07\/the_lost_mines_photo_1-780x586.jpg 780w, https:\/\/nightfoxandco.com\/wp-content\/uploads\/2019\/07\/the_lost_mines_photo_1-250x188.jpg 250w, https:\/\/nightfoxandco.com\/wp-content\/uploads\/2019\/07\/the_lost_mines_photo_1.jpg 1280w\" sizes=\"auto, (max-width: 1024px) 100vw, 1024px\" \/><\/a><\/figure>\n\n\n\n<figure class=\"wp-block-image size-large\"><a href=\"https:\/\/nightfoxandco.com\/wp-content\/uploads\/2019\/07\/the_lost_mines_photo_2.jpg\" target=\"_blank\" rel=\"noopener\"><img loading=\"lazy\" decoding=\"async\" width=\"1024\" height=\"768\" data-id=\"272\" src=\"http:\/\/nightfoxandco.com\/wp-content\/uploads\/2019\/07\/the_lost_mines_photo_2-1024x768.jpg\" alt=\"\" class=\"wp-image-272\" srcset=\"https:\/\/nightfoxandco.com\/wp-content\/uploads\/2019\/07\/the_lost_mines_photo_2-1024x768.jpg 1024w, https:\/\/nightfoxandco.com\/wp-content\/uploads\/2019\/07\/the_lost_mines_photo_2-300x225.jpg 300w, https:\/\/nightfoxandco.com\/wp-content\/uploads\/2019\/07\/the_lost_mines_photo_2-768x576.jpg 768w, https:\/\/nightfoxandco.com\/wp-content\/uploads\/2019\/07\/the_lost_mines_photo_2-350x263.jpg 350w, https:\/\/nightfoxandco.com\/wp-content\/uploads\/2019\/07\/the_lost_mines_photo_2-780x586.jpg 780w, https:\/\/nightfoxandco.com\/wp-content\/uploads\/2019\/07\/the_lost_mines_photo_2-250x188.jpg 250w, https:\/\/nightfoxandco.com\/wp-content\/uploads\/2019\/07\/the_lost_mines_photo_2.jpg 1280w\" sizes=\"auto, (max-width: 1024px) 100vw, 1024px\" \/><\/a><\/figure>\n\n\n\n<figure class=\"wp-block-image size-large\"><a href=\"https:\/\/nightfoxandco.com\/wp-content\/uploads\/2019\/07\/the_lost_mines_photo_3.jpg\" target=\"_blank\" rel=\"noopener\"><img loading=\"lazy\" decoding=\"async\" width=\"1024\" height=\"768\" data-id=\"273\" src=\"http:\/\/nightfoxandco.com\/wp-content\/uploads\/2019\/07\/the_lost_mines_photo_3-1024x768.jpg\" alt=\"\" class=\"wp-image-273\" srcset=\"https:\/\/nightfoxandco.com\/wp-content\/uploads\/2019\/07\/the_lost_mines_photo_3-1024x768.jpg 1024w, https:\/\/nightfoxandco.com\/wp-content\/uploads\/2019\/07\/the_lost_mines_photo_3-300x225.jpg 300w, https:\/\/nightfoxandco.com\/wp-content\/uploads\/2019\/07\/the_lost_mines_photo_3-768x576.jpg 768w, https:\/\/nightfoxandco.com\/wp-content\/uploads\/2019\/07\/the_lost_mines_photo_3-350x263.jpg 350w, https:\/\/nightfoxandco.com\/wp-content\/uploads\/2019\/07\/the_lost_mines_photo_3-780x586.jpg 780w, https:\/\/nightfoxandco.com\/wp-content\/uploads\/2019\/07\/the_lost_mines_photo_3-250x188.jpg 250w, https:\/\/nightfoxandco.com\/wp-content\/uploads\/2019\/07\/the_lost_mines_photo_3.jpg 1280w\" sizes=\"auto, (max-width: 1024px) 100vw, 1024px\" \/><\/a><\/figure>\n\n\n\n<figure class=\"wp-block-image size-large\"><a href=\"https:\/\/nightfoxandco.com\/wp-content\/uploads\/2019\/07\/the_lost_mines_photo_4.jpg\" target=\"_blank\" rel=\"noopener\"><img loading=\"lazy\" decoding=\"async\" width=\"1024\" height=\"768\" data-id=\"274\" src=\"http:\/\/nightfoxandco.com\/wp-content\/uploads\/2019\/07\/the_lost_mines_photo_4-1024x768.jpg\" alt=\"\" class=\"wp-image-274\" srcset=\"https:\/\/nightfoxandco.com\/wp-content\/uploads\/2019\/07\/the_lost_mines_photo_4-1024x768.jpg 1024w, https:\/\/nightfoxandco.com\/wp-content\/uploads\/2019\/07\/the_lost_mines_photo_4-300x225.jpg 300w, https:\/\/nightfoxandco.com\/wp-content\/uploads\/2019\/07\/the_lost_mines_photo_4-768x576.jpg 768w, https:\/\/nightfoxandco.com\/wp-content\/uploads\/2019\/07\/the_lost_mines_photo_4-350x263.jpg 350w, https:\/\/nightfoxandco.com\/wp-content\/uploads\/2019\/07\/the_lost_mines_photo_4-780x586.jpg 780w, https:\/\/nightfoxandco.com\/wp-content\/uploads\/2019\/07\/the_lost_mines_photo_4-250x188.jpg 250w, https:\/\/nightfoxandco.com\/wp-content\/uploads\/2019\/07\/the_lost_mines_photo_4.jpg 1280w\" sizes=\"auto, (max-width: 1024px) 100vw, 1024px\" \/><\/a><\/figure>\n\n\n\n<figure class=\"wp-block-image size-large\"><a href=\"https:\/\/nightfoxandco.com\/wp-content\/uploads\/2019\/07\/the_lost_mines_photo_5.jpg\" target=\"_blank\" rel=\"noopener\"><img loading=\"lazy\" decoding=\"async\" width=\"1024\" height=\"768\" data-id=\"275\" src=\"http:\/\/nightfoxandco.com\/wp-content\/uploads\/2019\/07\/the_lost_mines_photo_5-1024x768.jpg\" alt=\"\" class=\"wp-image-275\" srcset=\"https:\/\/nightfoxandco.com\/wp-content\/uploads\/2019\/07\/the_lost_mines_photo_5-1024x768.jpg 1024w, https:\/\/nightfoxandco.com\/wp-content\/uploads\/2019\/07\/the_lost_mines_photo_5-300x225.jpg 300w, https:\/\/nightfoxandco.com\/wp-content\/uploads\/2019\/07\/the_lost_mines_photo_5-768x576.jpg 768w, https:\/\/nightfoxandco.com\/wp-content\/uploads\/2019\/07\/the_lost_mines_photo_5-350x263.jpg 350w, https:\/\/nightfoxandco.com\/wp-content\/uploads\/2019\/07\/the_lost_mines_photo_5-780x586.jpg 780w, https:\/\/nightfoxandco.com\/wp-content\/uploads\/2019\/07\/the_lost_mines_photo_5-250x188.jpg 250w, https:\/\/nightfoxandco.com\/wp-content\/uploads\/2019\/07\/the_lost_mines_photo_5.jpg 1280w\" sizes=\"auto, (max-width: 1024px) 100vw, 1024px\" \/><\/a><\/figure>\n\n\n\n<figure class=\"wp-block-image size-large\"><a href=\"https:\/\/nightfoxandco.com\/wp-content\/uploads\/2019\/07\/the_lost_mines_photo_6.jpg\" target=\"_blank\" rel=\"noopener\"><img loading=\"lazy\" decoding=\"async\" width=\"1024\" height=\"768\" data-id=\"276\" src=\"http:\/\/nightfoxandco.com\/wp-content\/uploads\/2019\/07\/the_lost_mines_photo_6-1024x768.jpg\" alt=\"\" class=\"wp-image-276\" srcset=\"https:\/\/nightfoxandco.com\/wp-content\/uploads\/2019\/07\/the_lost_mines_photo_6-1024x768.jpg 1024w, https:\/\/nightfoxandco.com\/wp-content\/uploads\/2019\/07\/the_lost_mines_photo_6-300x225.jpg 300w, https:\/\/nightfoxandco.com\/wp-content\/uploads\/2019\/07\/the_lost_mines_photo_6-768x576.jpg 768w, https:\/\/nightfoxandco.com\/wp-content\/uploads\/2019\/07\/the_lost_mines_photo_6-350x263.jpg 350w, https:\/\/nightfoxandco.com\/wp-content\/uploads\/2019\/07\/the_lost_mines_photo_6-780x586.jpg 780w, https:\/\/nightfoxandco.com\/wp-content\/uploads\/2019\/07\/the_lost_mines_photo_6-250x188.jpg 250w, https:\/\/nightfoxandco.com\/wp-content\/uploads\/2019\/07\/the_lost_mines_photo_6.jpg 1280w\" sizes=\"auto, (max-width: 1024px) 100vw, 1024px\" \/><\/a><\/figure>\n\n\n\n<figure class=\"wp-block-image size-large\"><a href=\"https:\/\/nightfoxandco.com\/wp-content\/uploads\/2019\/07\/the_lost_mines_photo_7.jpg\" target=\"_blank\" rel=\"noopener\"><img loading=\"lazy\" decoding=\"async\" width=\"1024\" height=\"768\" data-id=\"277\" src=\"http:\/\/nightfoxandco.com\/wp-content\/uploads\/2019\/07\/the_lost_mines_photo_7-1024x768.jpg\" alt=\"\" class=\"wp-image-277\" srcset=\"https:\/\/nightfoxandco.com\/wp-content\/uploads\/2019\/07\/the_lost_mines_photo_7-1024x768.jpg 1024w, https:\/\/nightfoxandco.com\/wp-content\/uploads\/2019\/07\/the_lost_mines_photo_7-300x225.jpg 300w, https:\/\/nightfoxandco.com\/wp-content\/uploads\/2019\/07\/the_lost_mines_photo_7-768x576.jpg 768w, https:\/\/nightfoxandco.com\/wp-content\/uploads\/2019\/07\/the_lost_mines_photo_7-350x263.jpg 350w, https:\/\/nightfoxandco.com\/wp-content\/uploads\/2019\/07\/the_lost_mines_photo_7-780x586.jpg 780w, https:\/\/nightfoxandco.com\/wp-content\/uploads\/2019\/07\/the_lost_mines_photo_7-250x188.jpg 250w, https:\/\/nightfoxandco.com\/wp-content\/uploads\/2019\/07\/the_lost_mines_photo_7.jpg 1280w\" sizes=\"auto, (max-width: 1024px) 100vw, 1024px\" \/><\/a><\/figure>\n\n\n\n<figure class=\"wp-block-image size-large\"><a href=\"https:\/\/nightfoxandco.com\/wp-content\/uploads\/2019\/07\/the_lost_mines_photo_8.jpg\" target=\"_blank\" rel=\"noopener\"><img loading=\"lazy\" decoding=\"async\" width=\"1024\" height=\"768\" data-id=\"278\" src=\"http:\/\/nightfoxandco.com\/wp-content\/uploads\/2019\/07\/the_lost_mines_photo_8-1024x768.jpg\" alt=\"\" class=\"wp-image-278\" srcset=\"https:\/\/nightfoxandco.com\/wp-content\/uploads\/2019\/07\/the_lost_mines_photo_8-1024x768.jpg 1024w, https:\/\/nightfoxandco.com\/wp-content\/uploads\/2019\/07\/the_lost_mines_photo_8-300x225.jpg 300w, https:\/\/nightfoxandco.com\/wp-content\/uploads\/2019\/07\/the_lost_mines_photo_8-768x576.jpg 768w, https:\/\/nightfoxandco.com\/wp-content\/uploads\/2019\/07\/the_lost_mines_photo_8-350x263.jpg 350w, https:\/\/nightfoxandco.com\/wp-content\/uploads\/2019\/07\/the_lost_mines_photo_8-780x586.jpg 780w, https:\/\/nightfoxandco.com\/wp-content\/uploads\/2019\/07\/the_lost_mines_photo_8-250x188.jpg 250w, https:\/\/nightfoxandco.com\/wp-content\/uploads\/2019\/07\/the_lost_mines_photo_8.jpg 1280w\" sizes=\"auto, (max-width: 1024px) 100vw, 1024px\" \/><\/a><\/figure>\n<\/figure>\n\n\n\n<div style=\"height:25px\" aria-hidden=\"true\" class=\"wp-block-spacer\"><\/div>\n\n\n\n<p>El juego.<br> Blop es un joven robot minero en su primera misi\u00f3n. Enviado a un planeta en el extremo del sistema solar, Blop deber\u00e1 explorar un antiguo complejo minero abandonado, construido por una civilizaci\u00f3n ya extinta. Una exploraci\u00f3n superficial, revela a Blop que el complejo dispone de una cantidad ingente de recursos naturales que pueden ser extra\u00eddos, haciendo del lugar un punto ideal para la miner\u00eda. Pero unas sucesiones de ruidos extra\u00f1os hacen pensar a Blop que no est\u00e1 solo en las minas\u2026<\/p>\n\n\n\n<div style=\"height:25px\" aria-hidden=\"true\" class=\"wp-block-spacer\"><\/div>\n\n\n\n<figure class=\"wp-block-image\"><a href=\"https:\/\/nightfoxandco.com\/wp-content\/uploads\/2019\/07\/the_lost_mines_2.png\" target=\"_blank\" rel=\"noopener\"><img loading=\"lazy\" decoding=\"async\" width=\"1024\" height=\"775\" src=\"http:\/\/nightfoxandco.com\/wp-content\/uploads\/2019\/07\/the_lost_mines_2-1024x775.png\" alt=\"\" class=\"wp-image-303\" srcset=\"https:\/\/nightfoxandco.com\/wp-content\/uploads\/2019\/07\/the_lost_mines_2-1024x775.png 1024w, https:\/\/nightfoxandco.com\/wp-content\/uploads\/2019\/07\/the_lost_mines_2-300x227.png 300w, https:\/\/nightfoxandco.com\/wp-content\/uploads\/2019\/07\/the_lost_mines_2-768x581.png 768w, https:\/\/nightfoxandco.com\/wp-content\/uploads\/2019\/07\/the_lost_mines_2-1536x1162.png 1536w, https:\/\/nightfoxandco.com\/wp-content\/uploads\/2019\/07\/the_lost_mines_2-250x188.png 250w, https:\/\/nightfoxandco.com\/wp-content\/uploads\/2019\/07\/the_lost_mines_2.png 1572w\" sizes=\"auto, (max-width: 1024px) 100vw, 1024px\" \/><\/a><\/figure>\n\n\n\n<div style=\"height:25px\" aria-hidden=\"true\" class=\"wp-block-spacer\"><\/div>\n\n\n\n<p> El complejo est\u00e1 compuesto por 15 minas diferentes (11 en la edici\u00f3n f\u00edsica) y Blop deber\u00e1 recolectar la mayor cantidad posible de recursos naturales, en forma de gemas azules, antes de alcanzar la salida de la mina. La puerta de salida permanecer\u00e1 cerrada hasta que se recolecten todos los recursos.<br> Cada mina est\u00e1 protegida por un guardi\u00e1n, el cual es capaz de recolectar recursos para protegerlos. Blop deber\u00e1 evitar encontrarse con el guardi\u00e1n a toda costa, de lo contrario, quedar\u00e1 reducido a un mont\u00f3n de chatarra.<br> El tiempo tambi\u00e9n juega en contra de Blop, el cual dispone de una cantidad limitada de energ\u00eda para explorar cada nivel. Al entrar en la mina, un cron\u00f3metro empezar\u00e1 la cuenta atr\u00e1s. Al llegar a cero, Blop se quedar\u00e1 sin energ\u00eda, quedando atrapado en la mina para siempre.<\/p>\n\n\n\n<div style=\"height:25px\" aria-hidden=\"true\" class=\"wp-block-spacer\"><\/div>\n\n\n\n<figure class=\"wp-block-image\"><a href=\"https:\/\/nightfoxandco.com\/wp-content\/uploads\/2019\/07\/the_lost_mines_3.png\" target=\"_blank\" rel=\"noopener\"><img loading=\"lazy\" decoding=\"async\" width=\"1024\" height=\"775\" src=\"http:\/\/nightfoxandco.com\/wp-content\/uploads\/2019\/07\/the_lost_mines_3-1024x775.png\" alt=\"\" class=\"wp-image-301\" srcset=\"https:\/\/nightfoxandco.com\/wp-content\/uploads\/2019\/07\/the_lost_mines_3-1024x775.png 1024w, https:\/\/nightfoxandco.com\/wp-content\/uploads\/2019\/07\/the_lost_mines_3-300x227.png 300w, https:\/\/nightfoxandco.com\/wp-content\/uploads\/2019\/07\/the_lost_mines_3-768x581.png 768w, https:\/\/nightfoxandco.com\/wp-content\/uploads\/2019\/07\/the_lost_mines_3-1536x1162.png 1536w, https:\/\/nightfoxandco.com\/wp-content\/uploads\/2019\/07\/the_lost_mines_3-250x188.png 250w, https:\/\/nightfoxandco.com\/wp-content\/uploads\/2019\/07\/the_lost_mines_3.png 1572w\" sizes=\"auto, (max-width: 1024px) 100vw, 1024px\" \/><\/a><\/figure>\n\n\n\n<div style=\"height:25px\" aria-hidden=\"true\" class=\"wp-block-spacer\"><\/div>\n\n\n\n<p>Algunas gemas emitir\u00e1n una potente onda de energ\u00eda al ser recolectadas, la cual afectar\u00e1 a la iluminaci\u00f3n del complejo, encendiendo o apagando las luces. Esto puede ser \u00fatil a Blop, dado que algunas de las paredes de las minas contienen un tipo especial de roca, el cual es m\u00e1s fr\u00e1gil y brillan en la oscuridad, pudiendo detectar con facilidad nuevas rutas o pasadizos secretos. Por contra, Blop puede perderse con facilidad en la oscuridad, as\u00ed que tocar\u00e1 ir con cuidado con las luces apagadas.  <\/p>\n\n\n\n<p>En el repositorio de GitHub, encontrareis el c\u00f3digo fuente de las dos versiones, as\u00ed como las correspondientes im\u00e1genes de disco, de cinta, los archivos .wav y la ROM del juego, por lo que aunque no compreis la edici\u00f3n f\u00edsica en cartucho, pod\u00e9is seguir disfrutando de \u00abThe Lost Mines\u00bb en vuestro ordenador MSX o en un emulador.<\/p>\n\n\n\n<p>Un \u00faltimo apunte, como huevo de pascua, todos los trucos del juego est\u00e1n escondidos en la contraportada y portada interna de la edici\u00f3n f\u00edsica.<\/p>\n\n\n\n<div style=\"height:25px\" aria-hidden=\"true\" class=\"wp-block-spacer\"><\/div>\n\n\n\n<figure class=\"wp-block-embed is-type-video is-provider-youtube wp-block-embed-youtube wp-embed-aspect-16-9 wp-has-aspect-ratio\"><div class=\"wp-block-embed__wrapper\">\n<iframe loading=\"lazy\" title=\"MSX The Lost Mines gameplay\" width=\"780\" height=\"439\" src=\"https:\/\/www.youtube.com\/embed\/vDEGMioG5tI?feature=oembed\" frameborder=\"0\" allow=\"accelerometer; autoplay; clipboard-write; encrypted-media; gyroscope; picture-in-picture\" allowfullscreen><\/iframe>\n<\/div><\/figure>\n\n\n\n<div style=\"height:50px\" aria-hidden=\"true\" class=\"wp-block-spacer\"><\/div>\n\n\n\n<figure class=\"wp-block-image is-resized\"><a href=\"https:\/\/github.com\/knightfox75\/the_lost_mines\" target=\"_blank\" rel=\"noreferrer noopener\"><img loading=\"lazy\" decoding=\"async\" src=\"http:\/\/nightfoxandco.com\/wp-content\/uploads\/2019\/07\/download_icon-1024x160.png\" alt=\"\" class=\"wp-image-94\" width=\"512\" height=\"80\" srcset=\"https:\/\/nightfoxandco.com\/wp-content\/uploads\/2019\/07\/download_icon-1024x160.png 1024w, https:\/\/nightfoxandco.com\/wp-content\/uploads\/2019\/07\/download_icon-300x47.png 300w, https:\/\/nightfoxandco.com\/wp-content\/uploads\/2019\/07\/download_icon-768x120.png 768w, https:\/\/nightfoxandco.com\/wp-content\/uploads\/2019\/07\/download_icon-1536x240.png 1536w, https:\/\/nightfoxandco.com\/wp-content\/uploads\/2019\/07\/download_icon.png 1641w\" sizes=\"auto, (max-width: 512px) 100vw, 512px\" \/><\/a><\/figure>\n\n\n\n<div style=\"height:100px\" aria-hidden=\"true\" class=\"wp-block-spacer\"><\/div>\n\n\n\n<figure class=\"wp-block-image is-resized\"><a href=\"https:\/\/creativecommons.org\/licenses\/by-nc\/4.0\/\" target=\"_blank\" rel=\"noreferrer noopener\"><img loading=\"lazy\" decoding=\"async\" src=\"http:\/\/nightfoxandco.com\/wp-content\/uploads\/2019\/07\/cc_by-nc.png\" alt=\"\" class=\"wp-image-83\" width=\"101\" height=\"35\" srcset=\"https:\/\/nightfoxandco.com\/wp-content\/uploads\/2019\/07\/cc_by-nc.png 403w, https:\/\/nightfoxandco.com\/wp-content\/uploads\/2019\/07\/cc_by-nc-300x105.png 300w\" sizes=\"auto, (max-width: 101px) 100vw, 101px\" \/><\/a><\/figure>\n\n\n\n<div style=\"height:100px\" aria-hidden=\"true\" class=\"wp-block-spacer\"><\/div>\n","protected":false},"excerpt":{"rendered":"<p>Compra aqu\u00ed tu copia f\u00edsica Juega on-line gracias al\u00a0emulador WMSX. O compra el remake para Windows y Linux para PC. La historia del proyecto. The Lost Mines fue uno de los primeros juegos \u00abcompletos\u00bb que realic\u00e9. A\u00fan teniendo algunos pecados de juventud, dado que lo program\u00e9 siendo a\u00fan adolescente, cuando vi la posibilidad de editarlo <a class=\"more-link\" href=\"https:\/\/nightfoxandco.com\/?page_id=74\">Read More &#8230;<\/a><\/p>\n","protected":false},"author":1,"featured_media":0,"parent":58,"menu_order":100,"comment_status":"closed","ping_status":"closed","template":"","meta":{"footnotes":""},"class_list":["post-74","page","type-page","status-publish","hentry"],"_links":{"self":[{"href":"https:\/\/nightfoxandco.com\/index.php?rest_route=\/wp\/v2\/pages\/74","targetHints":{"allow":["GET"]}}],"collection":[{"href":"https:\/\/nightfoxandco.com\/index.php?rest_route=\/wp\/v2\/pages"}],"about":[{"href":"https:\/\/nightfoxandco.com\/index.php?rest_route=\/wp\/v2\/types\/page"}],"author":[{"embeddable":true,"href":"https:\/\/nightfoxandco.com\/index.php?rest_route=\/wp\/v2\/users\/1"}],"replies":[{"embeddable":true,"href":"https:\/\/nightfoxandco.com\/index.php?rest_route=%2Fwp%2Fv2%2Fcomments&post=74"}],"version-history":[{"count":30,"href":"https:\/\/nightfoxandco.com\/index.php?rest_route=\/wp\/v2\/pages\/74\/revisions"}],"predecessor-version":[{"id":1238,"href":"https:\/\/nightfoxandco.com\/index.php?rest_route=\/wp\/v2\/pages\/74\/revisions\/1238"}],"up":[{"embeddable":true,"href":"https:\/\/nightfoxandco.com\/index.php?rest_route=\/wp\/v2\/pages\/58"}],"wp:attachment":[{"href":"https:\/\/nightfoxandco.com\/index.php?rest_route=%2Fwp%2Fv2%2Fmedia&parent=74"}],"curies":[{"name":"wp","href":"https:\/\/api.w.org\/{rel}","templated":true}]}}