{"id":70,"date":"2019-07-11T13:37:21","date_gmt":"2019-07-11T11:37:21","guid":{"rendered":"http:\/\/nightfoxandco.com\/?page_id=70"},"modified":"2022-02-14T13:18:28","modified_gmt":"2022-02-14T12:18:28","slug":"krystals-ds","status":"publish","type":"page","link":"https:\/\/nightfoxandco.com\/?page_id=70","title":{"rendered":"Krystals DS"},"content":{"rendered":"\n<figure class=\"wp-block-image is-resized\"><a href=\"https:\/\/nightfoxandco.com\/wp-content\/uploads\/2019\/07\/nds_krystals_ds.png\" target=\"_blank\" rel=\"noopener\"><img loading=\"lazy\" decoding=\"async\" src=\"http:\/\/nightfoxandco.com\/wp-content\/uploads\/2019\/07\/nds_krystals_ds-987x1024.png\" alt=\"\" class=\"wp-image-251\" width=\"494\" height=\"512\" srcset=\"https:\/\/nightfoxandco.com\/wp-content\/uploads\/2019\/07\/nds_krystals_ds-987x1024.png 987w, https:\/\/nightfoxandco.com\/wp-content\/uploads\/2019\/07\/nds_krystals_ds-289x300.png 289w, https:\/\/nightfoxandco.com\/wp-content\/uploads\/2019\/07\/nds_krystals_ds-768x797.png 768w, https:\/\/nightfoxandco.com\/wp-content\/uploads\/2019\/07\/nds_krystals_ds.png 1100w\" sizes=\"auto, (max-width: 494px) 100vw, 494px\" \/><\/a><\/figure>\n\n\n\n<div style=\"height:25px\" aria-hidden=\"true\" class=\"wp-block-spacer\"><\/div>\n\n\n\n<p>Krystals DS es la revisi\u00f3n del primer juego que program\u00e9 para Nintendo DS.<br>\nUsando PALIB, ASlib y devkitPro R19 (Verano del 2008), el juego se desarroll\u00f3 en 3 semanas, participo en la Neo Compo de ese a\u00f1o, quedando en 7\u00ba lugar.<\/p>\n\n\n\n<p>El problema es que tanto las versiones de PALIB como ASlib que us\u00e9 acumulaban varios bugs importantes, combinado con la evoluci\u00f3n de las flashcards y que se compil\u00f3 con una versi\u00f3n muy antigua (y modificada) de Libnds, ha dado como resultado que en la mayor\u00eda de flashcards actuales el juego funciona mal en el mejor de los casos, muy mal en la mayor\u00eda de flashcards o directamente ni funciona en algunas.<\/p>\n\n\n\n<div style=\"height:25px\" aria-hidden=\"true\" class=\"wp-block-spacer\"><\/div>\n\n\n\n<figure class=\"wp-block-image is-resized\"><a href=\"https:\/\/nightfoxandco.com\/wp-content\/uploads\/2019\/07\/nds_krystals_ds_1.png\" target=\"_blank\" rel=\"noopener\"><img loading=\"lazy\" decoding=\"async\" src=\"http:\/\/nightfoxandco.com\/wp-content\/uploads\/2019\/07\/nds_krystals_ds_1-987x1024.png\" alt=\"\" class=\"wp-image-254\" width=\"494\" height=\"512\" srcset=\"https:\/\/nightfoxandco.com\/wp-content\/uploads\/2019\/07\/nds_krystals_ds_1-987x1024.png 987w, https:\/\/nightfoxandco.com\/wp-content\/uploads\/2019\/07\/nds_krystals_ds_1-289x300.png 289w, https:\/\/nightfoxandco.com\/wp-content\/uploads\/2019\/07\/nds_krystals_ds_1-768x797.png 768w, https:\/\/nightfoxandco.com\/wp-content\/uploads\/2019\/07\/nds_krystals_ds_1.png 1100w\" sizes=\"auto, (max-width: 494px) 100vw, 494px\" \/><\/a><\/figure>\n\n\n\n<div style=\"height:25px\" aria-hidden=\"true\" class=\"wp-block-spacer\"><\/div>\n\n\n\n<p>Como este a\u00f1o he tenido poco tiempo para dedicarme a cosas nuevas de DS, decid\u00ed rehacer el juego desde 0, usando mi librer\u00eda, la \u00faltima versi\u00f3n de Libnds y ya puesto, programarlo en C++ para probar a ver qu\u00e9 tal se comportaba en DS (tanto la librer\u00eda como el resto de juegos de DS est\u00e1n programados en C). Adem\u00e1s, he cambiado todos los fondos, siendo ahora animados en \u00abModo 7\u00bb y las m\u00fasicas, dado que no puedo usar mp3 y Maxmod prefiere el formato MOD. Decir tambi\u00e9n que cada partida ser\u00e1 algo diferente, dado que el orden de los fondos y m\u00fasicas ser\u00e1 aleatorio.<\/p>\n\n\n\n<p>A nivel juzgable tambi\u00e9n hay novedades, siendo m\u00e1s dif\u00edcil el realizar combos, dado que nunca tendremos una ficha con dos gemas del mismo color.<br>\nKrystals DS ha conseguido la 3\u00aa posici\u00f3n en la NeoCompo 2013.<\/p>\n\n\n\n<div style=\"height:25px\" aria-hidden=\"true\" class=\"wp-block-spacer\"><\/div>\n\n\n\n<figure class=\"wp-block-image is-resized\"><a href=\"https:\/\/nightfoxandco.com\/wp-content\/uploads\/2019\/07\/nds_krystals_ds_2.png\" target=\"_blank\" rel=\"noopener\"><img loading=\"lazy\" decoding=\"async\" src=\"http:\/\/nightfoxandco.com\/wp-content\/uploads\/2019\/07\/nds_krystals_ds_2-987x1024.png\" alt=\"\" class=\"wp-image-256\" width=\"494\" height=\"512\" srcset=\"https:\/\/nightfoxandco.com\/wp-content\/uploads\/2019\/07\/nds_krystals_ds_2-987x1024.png 987w, https:\/\/nightfoxandco.com\/wp-content\/uploads\/2019\/07\/nds_krystals_ds_2-289x300.png 289w, https:\/\/nightfoxandco.com\/wp-content\/uploads\/2019\/07\/nds_krystals_ds_2-768x797.png 768w, https:\/\/nightfoxandco.com\/wp-content\/uploads\/2019\/07\/nds_krystals_ds_2.png 1100w\" sizes=\"auto, (max-width: 494px) 100vw, 494px\" \/><\/a><\/figure>\n\n\n\n<div style=\"height:25px\" aria-hidden=\"true\" class=\"wp-block-spacer\"><\/div>\n\n\n\n<p>Instalaci\u00f3n<br>Para poder jugar a Krystals DS en tu Nintendo DS necesitar\u00e1s disponer de una flashcard, si no dispones de ninguna, puedes jugar tambi\u00e9n en un emulador de DS para PC,  como el <a rel=\"noreferrer noopener\" href=\"https:\/\/www.nogba.com\/\" target=\"_blank\">no$gba<\/a> o el <a rel=\"noreferrer noopener\" href=\"http:\/\/desmume.org\/\" target=\"_blank\">desmume<\/a> .<br> Para instalar el juego, simplemente copia el archivo .nds en tu  <a rel=\"noreferrer noopener\" href=\"https:\/\/en.wikipedia.org\/wiki\/List_of_Nintendo_DS_and_3DS_flash_cartridges\" target=\"_blank\">flashard<\/a> y ejec\u00fatalo.<br> El juego usa el sistema NitroFS como sistema de archivos, si tu flashcard no soporta la funcionalidad de \u00abArgv\u00bb, deber\u00e1s ejecutarlo usando el <a rel=\"noreferrer noopener\" href=\"https:\/\/devkitpro.org\/wiki\/Homebrew_Menu\" target=\"_blank\">Homebrew Menu<\/a> de Drunken Coders.<\/p>\n\n\n\n<div style=\"height:25px\" aria-hidden=\"true\" class=\"wp-block-spacer\"><\/div>\n\n\n\n<figure class=\"wp-block-embed is-type-video is-provider-youtube wp-block-embed-youtube wp-embed-aspect-16-9 wp-has-aspect-ratio\"><div class=\"wp-block-embed__wrapper\">\n<iframe loading=\"lazy\" title=\"NDS Krystals DS gameplay\" width=\"780\" height=\"439\" src=\"https:\/\/www.youtube.com\/embed\/nMRJ-qZO22s?feature=oembed\" frameborder=\"0\" allow=\"accelerometer; autoplay; encrypted-media; gyroscope; picture-in-picture\" allowfullscreen><\/iframe>\n<\/div><\/figure>\n\n\n\n<div style=\"height:50px\" aria-hidden=\"true\" class=\"wp-block-spacer\"><\/div>\n\n\n\n<figure class=\"wp-block-image is-resized\"><a href=\"https:\/\/github.com\/knightfox75\/krystals_ds\" target=\"_blank\" rel=\"noreferrer noopener\"><img loading=\"lazy\" decoding=\"async\" src=\"http:\/\/nightfoxandco.com\/wp-content\/uploads\/2019\/07\/download_icon-1024x160.png\" alt=\"\" class=\"wp-image-94\" width=\"512\" height=\"80\" srcset=\"https:\/\/nightfoxandco.com\/wp-content\/uploads\/2019\/07\/download_icon-1024x160.png 1024w, https:\/\/nightfoxandco.com\/wp-content\/uploads\/2019\/07\/download_icon-300x47.png 300w, https:\/\/nightfoxandco.com\/wp-content\/uploads\/2019\/07\/download_icon-768x120.png 768w, https:\/\/nightfoxandco.com\/wp-content\/uploads\/2019\/07\/download_icon-1536x240.png 1536w, https:\/\/nightfoxandco.com\/wp-content\/uploads\/2019\/07\/download_icon.png 1641w\" sizes=\"auto, (max-width: 512px) 100vw, 512px\" \/><\/a><\/figure>\n\n\n\n<div style=\"height:100px\" aria-hidden=\"true\" class=\"wp-block-spacer\"><\/div>\n\n\n\n<figure class=\"wp-block-image is-resized\"><a href=\"https:\/\/creativecommons.org\/licenses\/by-nc\/4.0\/\" target=\"_blank\" rel=\"noreferrer noopener\"><img loading=\"lazy\" decoding=\"async\" src=\"http:\/\/nightfoxandco.com\/wp-content\/uploads\/2019\/07\/cc_by-nc.png\" alt=\"\" class=\"wp-image-83\" width=\"101\" height=\"35\" srcset=\"https:\/\/nightfoxandco.com\/wp-content\/uploads\/2019\/07\/cc_by-nc.png 403w, https:\/\/nightfoxandco.com\/wp-content\/uploads\/2019\/07\/cc_by-nc-300x105.png 300w\" sizes=\"auto, (max-width: 101px) 100vw, 101px\" \/><\/a><\/figure>\n\n\n\n<div style=\"height:100px\" aria-hidden=\"true\" class=\"wp-block-spacer\"><\/div>\n","protected":false},"excerpt":{"rendered":"<p>Krystals DS es la revisi\u00f3n del primer juego que program\u00e9 para Nintendo DS. Usando PALIB, ASlib y devkitPro R19 (Verano del 2008), el juego se desarroll\u00f3 en 3 semanas, participo en la Neo Compo de ese a\u00f1o, quedando en 7\u00ba lugar. El problema es que tanto las versiones de PALIB como ASlib que us\u00e9 acumulaban <a class=\"more-link\" href=\"https:\/\/nightfoxandco.com\/?page_id=70\">Read More &#8230;<\/a><\/p>\n","protected":false},"author":1,"featured_media":0,"parent":56,"menu_order":600,"comment_status":"closed","ping_status":"closed","template":"","meta":{"footnotes":""},"class_list":["post-70","page","type-page","status-publish","hentry"],"_links":{"self":[{"href":"https:\/\/nightfoxandco.com\/index.php?rest_route=\/wp\/v2\/pages\/70","targetHints":{"allow":["GET"]}}],"collection":[{"href":"https:\/\/nightfoxandco.com\/index.php?rest_route=\/wp\/v2\/pages"}],"about":[{"href":"https:\/\/nightfoxandco.com\/index.php?rest_route=\/wp\/v2\/types\/page"}],"author":[{"embeddable":true,"href":"https:\/\/nightfoxandco.com\/index.php?rest_route=\/wp\/v2\/users\/1"}],"replies":[{"embeddable":true,"href":"https:\/\/nightfoxandco.com\/index.php?rest_route=%2Fwp%2Fv2%2Fcomments&post=70"}],"version-history":[{"count":10,"href":"https:\/\/nightfoxandco.com\/index.php?rest_route=\/wp\/v2\/pages\/70\/revisions"}],"predecessor-version":[{"id":1148,"href":"https:\/\/nightfoxandco.com\/index.php?rest_route=\/wp\/v2\/pages\/70\/revisions\/1148"}],"up":[{"embeddable":true,"href":"https:\/\/nightfoxandco.com\/index.php?rest_route=\/wp\/v2\/pages\/56"}],"wp:attachment":[{"href":"https:\/\/nightfoxandco.com\/index.php?rest_route=%2Fwp%2Fv2%2Fmedia&parent=70"}],"curies":[{"name":"wp","href":"https:\/\/api.w.org\/{rel}","templated":true}]}}