{"id":68,"date":"2019-07-11T13:36:41","date_gmt":"2019-07-11T11:36:41","guid":{"rendered":"http:\/\/nightfoxandco.com\/?page_id=68"},"modified":"2022-02-14T13:17:41","modified_gmt":"2022-02-14T12:17:41","slug":"spirits-ds","status":"publish","type":"page","link":"https:\/\/nightfoxandco.com\/?page_id=68","title":{"rendered":"Spirits DS"},"content":{"rendered":"\n<figure class=\"wp-block-image is-resized\"><a href=\"https:\/\/nightfoxandco.com\/wp-content\/uploads\/2019\/07\/nds_spirits_ds.png\" target=\"_blank\" rel=\"noopener\"><img loading=\"lazy\" decoding=\"async\" src=\"http:\/\/nightfoxandco.com\/wp-content\/uploads\/2019\/07\/nds_spirits_ds-987x1024.png\" alt=\"\" class=\"wp-image-222\" width=\"494\" height=\"512\" srcset=\"https:\/\/nightfoxandco.com\/wp-content\/uploads\/2019\/07\/nds_spirits_ds-987x1024.png 987w, https:\/\/nightfoxandco.com\/wp-content\/uploads\/2019\/07\/nds_spirits_ds-289x300.png 289w, https:\/\/nightfoxandco.com\/wp-content\/uploads\/2019\/07\/nds_spirits_ds-768x797.png 768w, https:\/\/nightfoxandco.com\/wp-content\/uploads\/2019\/07\/nds_spirits_ds.png 1100w\" sizes=\"auto, (max-width: 494px) 100vw, 494px\" \/><\/a><\/figure>\n\n\n\n<div style=\"height:25px\" aria-hidden=\"true\" class=\"wp-block-spacer\"><\/div>\n\n\n\n<p>El proyecto.<br> Spirits DS es un remake para Nintendo DS basado en el popular juego SPIRITS del cual TOPO SOFT en el a\u00f1o 1987 realiz\u00f3 las correspondientes versiones para los ordenadores de 8 bits MSX, SPECTRUM y AMSTRAD. El objetivo del proyecto es realizar un remake que mantenga el esp\u00edritu del original, pero adapt\u00e1ndolo a las posibilidades de la consola de Nintendo. Adem\u00e1s, el lanzamiento de este remake coincide con el 25\u00ba aniversario del juego original y hemos contado con el apoyo y soporte de parte de su equipo durante su desarrollo, por lo que les estamos incre\u00edblemente agradecidos.<\/p>\n\n\n\n<div style=\"height:25px\" aria-hidden=\"true\" class=\"wp-block-spacer\"><\/div>\n\n\n\n<figure class=\"wp-block-image\"><a href=\"https:\/\/nightfoxandco.com\/wp-content\/uploads\/2019\/07\/nds_spirits_ds_1.png\" target=\"_blank\" rel=\"noopener\"><img loading=\"lazy\" decoding=\"async\" width=\"1024\" height=\"775\" src=\"http:\/\/nightfoxandco.com\/wp-content\/uploads\/2019\/07\/nds_spirits_ds_1-1024x775.png\" alt=\"\" class=\"wp-image-293\" srcset=\"https:\/\/nightfoxandco.com\/wp-content\/uploads\/2019\/07\/nds_spirits_ds_1-1024x775.png 1024w, https:\/\/nightfoxandco.com\/wp-content\/uploads\/2019\/07\/nds_spirits_ds_1-300x227.png 300w, https:\/\/nightfoxandco.com\/wp-content\/uploads\/2019\/07\/nds_spirits_ds_1-768x581.png 768w, https:\/\/nightfoxandco.com\/wp-content\/uploads\/2019\/07\/nds_spirits_ds_1-1536x1162.png 1536w, https:\/\/nightfoxandco.com\/wp-content\/uploads\/2019\/07\/nds_spirits_ds_1-250x188.png 250w, https:\/\/nightfoxandco.com\/wp-content\/uploads\/2019\/07\/nds_spirits_ds_1.png 1572w\" sizes=\"auto, (max-width: 1024px) 100vw, 1024px\" \/><\/a><\/figure>\n\n\n\n<div style=\"height:25px\" aria-hidden=\"true\" class=\"wp-block-spacer\"><\/div>\n\n\n\n<p>El juego original.<br> Spirits es un juego de aventura. En \u00e9l, representaremos el papel de un h\u00e1bil brujo. La historia empieza cuando un malvado hechicero nos roba nuestra bola de cristal, libro de hechizos y vara m\u00e1gica sin las cuales nuestros poderes quedan muy mermados. Adem\u00e1s, ha encantado el castillo donde moramos, llen\u00e1ndolo de criaturas de la noche que custodian nuestras preciadas pertenencias. No contento con eso, tambi\u00e9n ha hechizado a la princesa del castillo y a una de las armaduras. Estos dos personajes llevan cada uno consigo una de las mitades del \u00fanico hechizo capaz de derrotar a tan malvado hechicero, el cual se ha transformado en \u00e1guila para perseguirnos por todo el castillo. Deberemos desencantar a estos dos personajes para recuperar el hechizo y poder derrotar al causante de nuestros problemas.<\/p>\n\n\n\n<div style=\"height:25px\" aria-hidden=\"true\" class=\"wp-block-spacer\"><\/div>\n\n\n\n<figure class=\"wp-block-gallery has-nested-images columns-default is-cropped wp-block-gallery-1 is-layout-flex wp-block-gallery-is-layout-flex\">\n<figure class=\"wp-block-image size-large\"><a href=\"https:\/\/nightfoxandco.com\/wp-content\/uploads\/2019\/07\/nds_spirits_ds_2.png\" target=\"_blank\" rel=\"noopener\"><img loading=\"lazy\" decoding=\"async\" width=\"987\" height=\"1024\" data-id=\"228\" src=\"http:\/\/nightfoxandco.com\/wp-content\/uploads\/2019\/07\/nds_spirits_ds_2-987x1024.png\" alt=\"\" class=\"wp-image-228\" srcset=\"https:\/\/nightfoxandco.com\/wp-content\/uploads\/2019\/07\/nds_spirits_ds_2-987x1024.png 987w, https:\/\/nightfoxandco.com\/wp-content\/uploads\/2019\/07\/nds_spirits_ds_2-289x300.png 289w, https:\/\/nightfoxandco.com\/wp-content\/uploads\/2019\/07\/nds_spirits_ds_2-768x797.png 768w, https:\/\/nightfoxandco.com\/wp-content\/uploads\/2019\/07\/nds_spirits_ds_2.png 1100w\" sizes=\"auto, (max-width: 987px) 100vw, 987px\" \/><\/a><\/figure>\n\n\n\n<figure class=\"wp-block-image size-large\"><a href=\"https:\/\/nightfoxandco.com\/wp-content\/uploads\/2019\/07\/nds_spirits_ds_3.png\" target=\"_blank\" rel=\"noopener\"><img loading=\"lazy\" decoding=\"async\" width=\"987\" height=\"1024\" data-id=\"229\" src=\"http:\/\/nightfoxandco.com\/wp-content\/uploads\/2019\/07\/nds_spirits_ds_3-987x1024.png\" alt=\"\" class=\"wp-image-229\" srcset=\"https:\/\/nightfoxandco.com\/wp-content\/uploads\/2019\/07\/nds_spirits_ds_3-987x1024.png 987w, https:\/\/nightfoxandco.com\/wp-content\/uploads\/2019\/07\/nds_spirits_ds_3-289x300.png 289w, https:\/\/nightfoxandco.com\/wp-content\/uploads\/2019\/07\/nds_spirits_ds_3-768x797.png 768w, https:\/\/nightfoxandco.com\/wp-content\/uploads\/2019\/07\/nds_spirits_ds_3.png 1100w\" sizes=\"auto, (max-width: 987px) 100vw, 987px\" \/><\/a><\/figure>\n<\/figure>\n\n\n\n<div style=\"height:25px\" aria-hidden=\"true\" class=\"wp-block-spacer\"><\/div>\n\n\n\n<p>\u00bfComo se juega?<br> El juego se divide en dos pantallas. En la pantalla superior se muestra a nuestro personaje y es donde se desarrolla la acci\u00f3n. En la inferior, veremos donde se encuentra el siguiente objetivo u objeto a conseguir. Cuando empezamos, solo veremos donde se encuentra la bola de cristal, objeto principal e indispensable, sin el cual los dem\u00e1s objetos y personajes permanecen ocultos a nuestros ojos. Una vez conseguida la bola de cristal, estos objetos dejaran de ser invisibles en el castillo y podremos recuperarlos. Adem\u00e1s, con la bola de cristal en nuestro poder, podremos localizar el resto de objetivos. La bola nos mostrar\u00e1 en la pantalla inferior la localizaci\u00f3n exacta del libro de hechizos, la varita m\u00e1gica, la princesa y la armadura, as\u00ed como al hechicero transformado en \u00e1guila. Con la tecla correspondiente podremos cambiar qu\u00e9 objeto o personaje deseamos ver en la pantalla inferior.<\/p>\n\n\n\n<div style=\"height:25px\" aria-hidden=\"true\" class=\"wp-block-spacer\"><\/div>\n\n\n\n<figure class=\"wp-block-gallery has-nested-images columns-default is-cropped wp-block-gallery-2 is-layout-flex wp-block-gallery-is-layout-flex\">\n<figure class=\"wp-block-image size-large\"><a href=\"https:\/\/nightfoxandco.com\/wp-content\/uploads\/2019\/07\/nds_spirits_ds_4.png\" target=\"_blank\" rel=\"noopener\"><img loading=\"lazy\" decoding=\"async\" width=\"987\" height=\"1024\" data-id=\"234\" src=\"http:\/\/nightfoxandco.com\/wp-content\/uploads\/2019\/07\/nds_spirits_ds_4-987x1024.png\" alt=\"\" class=\"wp-image-234\" srcset=\"https:\/\/nightfoxandco.com\/wp-content\/uploads\/2019\/07\/nds_spirits_ds_4-987x1024.png 987w, https:\/\/nightfoxandco.com\/wp-content\/uploads\/2019\/07\/nds_spirits_ds_4-289x300.png 289w, https:\/\/nightfoxandco.com\/wp-content\/uploads\/2019\/07\/nds_spirits_ds_4-768x797.png 768w, https:\/\/nightfoxandco.com\/wp-content\/uploads\/2019\/07\/nds_spirits_ds_4.png 1100w\" sizes=\"auto, (max-width: 987px) 100vw, 987px\" \/><\/a><\/figure>\n\n\n\n<figure class=\"wp-block-image size-large\"><a href=\"https:\/\/nightfoxandco.com\/wp-content\/uploads\/2019\/07\/nds_spirits_ds_5.png\" target=\"_blank\" rel=\"noopener\"><img loading=\"lazy\" decoding=\"async\" width=\"987\" height=\"1024\" data-id=\"235\" src=\"http:\/\/nightfoxandco.com\/wp-content\/uploads\/2019\/07\/nds_spirits_ds_5-987x1024.png\" alt=\"\" class=\"wp-image-235\" srcset=\"https:\/\/nightfoxandco.com\/wp-content\/uploads\/2019\/07\/nds_spirits_ds_5-987x1024.png 987w, https:\/\/nightfoxandco.com\/wp-content\/uploads\/2019\/07\/nds_spirits_ds_5-289x300.png 289w, https:\/\/nightfoxandco.com\/wp-content\/uploads\/2019\/07\/nds_spirits_ds_5-768x797.png 768w, https:\/\/nightfoxandco.com\/wp-content\/uploads\/2019\/07\/nds_spirits_ds_5.png 1100w\" sizes=\"auto, (max-width: 987px) 100vw, 987px\" \/><\/a><\/figure>\n<\/figure>\n\n\n\n<div style=\"height:25px\" aria-hidden=\"true\" class=\"wp-block-spacer\"><\/div>\n\n\n\n<p>Lo siguiente ser\u00e1 recuperar el libro de hechizos y la varita m\u00e1gica. Una vez tengamos estos objetos en nuestro poder, tendremos que desencantar a la princesa y a la armadura, los cuales nos proporcionar\u00e1n cada uno su mitad de hechizo para derrotar al hechicero.<br> Una vez hecho todo esto, solo nos restara buscar a la \u00e1guila y derrotarla, dispar\u00e1ndole el hechizo conseguido.<br> Recordar que hay varios enemigos en el castillo, de los cuales solo nos podremos defender esquivandolos o lanzando un hechizo paralizante de corta duraci\u00f3n, la cual cosa nos dar\u00e1 tiempo para huir de ellos. Dispararle a la \u00e1guila sin el hechizo definitivo es totalmente in\u00fatil y el contacto con ella, es muerte segura.<br> Un \u00faltimo apunte. La ubicaci\u00f3n de los objetos cambia en cada partida, as\u00ed que ten\u00e9is juego para rato. <\/p>\n\n\n\n<div style=\"height:25px\" aria-hidden=\"true\" class=\"wp-block-spacer\"><\/div>\n\n\n\n<figure class=\"wp-block-gallery has-nested-images columns-default is-cropped wp-block-gallery-3 is-layout-flex wp-block-gallery-is-layout-flex\">\n<figure class=\"wp-block-image size-large\"><a href=\"https:\/\/nightfoxandco.com\/wp-content\/uploads\/2019\/07\/nds_spirits_ds_6.png\" target=\"_blank\" rel=\"noopener\"><img loading=\"lazy\" decoding=\"async\" width=\"987\" height=\"1024\" data-id=\"237\" src=\"http:\/\/nightfoxandco.com\/wp-content\/uploads\/2019\/07\/nds_spirits_ds_6-987x1024.png\" alt=\"\" class=\"wp-image-237\" srcset=\"https:\/\/nightfoxandco.com\/wp-content\/uploads\/2019\/07\/nds_spirits_ds_6-987x1024.png 987w, https:\/\/nightfoxandco.com\/wp-content\/uploads\/2019\/07\/nds_spirits_ds_6-289x300.png 289w, https:\/\/nightfoxandco.com\/wp-content\/uploads\/2019\/07\/nds_spirits_ds_6-768x797.png 768w, https:\/\/nightfoxandco.com\/wp-content\/uploads\/2019\/07\/nds_spirits_ds_6.png 1100w\" sizes=\"auto, (max-width: 987px) 100vw, 987px\" \/><\/a><\/figure>\n\n\n\n<figure class=\"wp-block-image size-large\"><a href=\"https:\/\/nightfoxandco.com\/wp-content\/uploads\/2019\/07\/nds_spirits_ds_7.png\" target=\"_blank\" rel=\"noopener\"><img loading=\"lazy\" decoding=\"async\" width=\"987\" height=\"1024\" data-id=\"238\" src=\"http:\/\/nightfoxandco.com\/wp-content\/uploads\/2019\/07\/nds_spirits_ds_7-987x1024.png\" alt=\"\" class=\"wp-image-238\" srcset=\"https:\/\/nightfoxandco.com\/wp-content\/uploads\/2019\/07\/nds_spirits_ds_7-987x1024.png 987w, https:\/\/nightfoxandco.com\/wp-content\/uploads\/2019\/07\/nds_spirits_ds_7-289x300.png 289w, https:\/\/nightfoxandco.com\/wp-content\/uploads\/2019\/07\/nds_spirits_ds_7-768x797.png 768w, https:\/\/nightfoxandco.com\/wp-content\/uploads\/2019\/07\/nds_spirits_ds_7.png 1100w\" sizes=\"auto, (max-width: 987px) 100vw, 987px\" \/><\/a><\/figure>\n<\/figure>\n\n\n\n<div style=\"height:25px\" aria-hidden=\"true\" class=\"wp-block-spacer\"><\/div>\n\n\n\n<p>Caracter\u00edsticas y Mejoras<br>Otra de las otras caracter\u00edsticas del remake es la posibilidad de jugar con los gr\u00e1ficos y sonidos originales de la versi\u00f3n para MSX, la cual hemos usado como referencia para la creaci\u00f3n de este proyecto. La jugabilidad se ha adaptado a las posibilidades t\u00e9cnicas de la consola, como el uso de la doble pantalla y se han incorporado diversas mejoras que no estaban presentes en la versi\u00f3n original del juego, como el uso del mini mapa o el cambio de idioma, estado disponibles el juego disponible en Castellano e Ingl\u00e9s, tanto los textos como las voces.<\/p>\n\n\n\n<p>Instalaci\u00f3n<br>Para poder jugar a Spirits DS en tu Nintendo DS necesitar\u00e1s disponer de una flashcard, si no dispones de ninguna, puedes jugar tambi\u00e9n en un emulador de DS para PC,  como el <a rel=\"noreferrer noopener\" href=\"https:\/\/www.nogba.com\/\" target=\"_blank\">no$gba<\/a> o el <a rel=\"noreferrer noopener\" href=\"http:\/\/desmume.org\/\" target=\"_blank\">desmume<\/a> .<br> Para instalar el juego, simplemente copia el archivo .nds en tu  <a rel=\"noreferrer noopener\" href=\"https:\/\/en.wikipedia.org\/wiki\/List_of_Nintendo_DS_and_3DS_flash_cartridges\" target=\"_blank\">flashard<\/a> y ejec\u00fatalo.<br> El juego usa el sistema NitroFS como sistema de archivos, si tu flashcard no soporta la funcionalidad de \u00abArgv\u00bb, deber\u00e1s ejecutarlo usando el <a rel=\"noreferrer noopener\" href=\"https:\/\/devkitpro.org\/wiki\/Homebrew_Menu\" target=\"_blank\">Homebrew Menu<\/a> de Drunken Coders.<\/p>\n\n\n\n<div style=\"height:25px\" aria-hidden=\"true\" class=\"wp-block-spacer\"><\/div>\n\n\n\n<figure class=\"wp-block-embed is-type-video is-provider-youtube wp-block-embed-youtube wp-embed-aspect-16-9 wp-has-aspect-ratio\"><div class=\"wp-block-embed__wrapper\">\n<iframe loading=\"lazy\" title=\"NDS Spirits DS gameplay\" width=\"780\" height=\"439\" src=\"https:\/\/www.youtube.com\/embed\/pBC7ABgDX1U?feature=oembed\" frameborder=\"0\" allow=\"accelerometer; autoplay; encrypted-media; gyroscope; picture-in-picture\" allowfullscreen><\/iframe>\n<\/div><\/figure>\n\n\n\n<div style=\"height:50px\" aria-hidden=\"true\" class=\"wp-block-spacer\"><\/div>\n\n\n\n<figure class=\"wp-block-image is-resized\"><a href=\"https:\/\/github.com\/knightfox75\/spirits_ds\" target=\"_blank\" rel=\"noreferrer noopener\"><img loading=\"lazy\" decoding=\"async\" src=\"http:\/\/nightfoxandco.com\/wp-content\/uploads\/2019\/07\/download_icon-1024x160.png\" alt=\"\" class=\"wp-image-94\" width=\"512\" height=\"80\" srcset=\"https:\/\/nightfoxandco.com\/wp-content\/uploads\/2019\/07\/download_icon-1024x160.png 1024w, https:\/\/nightfoxandco.com\/wp-content\/uploads\/2019\/07\/download_icon-300x47.png 300w, https:\/\/nightfoxandco.com\/wp-content\/uploads\/2019\/07\/download_icon-768x120.png 768w, https:\/\/nightfoxandco.com\/wp-content\/uploads\/2019\/07\/download_icon-1536x240.png 1536w, https:\/\/nightfoxandco.com\/wp-content\/uploads\/2019\/07\/download_icon.png 1641w\" sizes=\"auto, (max-width: 512px) 100vw, 512px\" \/><\/a><\/figure>\n\n\n\n<div style=\"height:100px\" aria-hidden=\"true\" class=\"wp-block-spacer\"><\/div>\n\n\n\n<figure class=\"wp-block-image is-resized\"><a href=\"https:\/\/creativecommons.org\/licenses\/by-nc\/4.0\/\" target=\"_blank\" rel=\"noreferrer noopener\"><img loading=\"lazy\" decoding=\"async\" src=\"http:\/\/nightfoxandco.com\/wp-content\/uploads\/2019\/07\/cc_by-nc.png\" alt=\"\" class=\"wp-image-83\" width=\"101\" height=\"35\" srcset=\"https:\/\/nightfoxandco.com\/wp-content\/uploads\/2019\/07\/cc_by-nc.png 403w, https:\/\/nightfoxandco.com\/wp-content\/uploads\/2019\/07\/cc_by-nc-300x105.png 300w\" sizes=\"auto, (max-width: 101px) 100vw, 101px\" \/><\/a><\/figure>\n\n\n\n<div style=\"height:100px\" aria-hidden=\"true\" class=\"wp-block-spacer\"><\/div>\n","protected":false},"excerpt":{"rendered":"<p>El proyecto. Spirits DS es un remake para Nintendo DS basado en el popular juego SPIRITS del cual TOPO SOFT en el a\u00f1o 1987 realiz\u00f3 las correspondientes versiones para los ordenadores de 8 bits MSX, SPECTRUM y AMSTRAD. El objetivo del proyecto es realizar un remake que mantenga el esp\u00edritu del original, pero adapt\u00e1ndolo a <a class=\"more-link\" href=\"https:\/\/nightfoxandco.com\/?page_id=68\">Read More &#8230;<\/a><\/p>\n","protected":false},"author":1,"featured_media":0,"parent":56,"menu_order":500,"comment_status":"closed","ping_status":"closed","template":"","meta":{"footnotes":""},"class_list":["post-68","page","type-page","status-publish","hentry"],"_links":{"self":[{"href":"https:\/\/nightfoxandco.com\/index.php?rest_route=\/wp\/v2\/pages\/68","targetHints":{"allow":["GET"]}}],"collection":[{"href":"https:\/\/nightfoxandco.com\/index.php?rest_route=\/wp\/v2\/pages"}],"about":[{"href":"https:\/\/nightfoxandco.com\/index.php?rest_route=\/wp\/v2\/types\/page"}],"author":[{"embeddable":true,"href":"https:\/\/nightfoxandco.com\/index.php?rest_route=\/wp\/v2\/users\/1"}],"replies":[{"embeddable":true,"href":"https:\/\/nightfoxandco.com\/index.php?rest_route=%2Fwp%2Fv2%2Fcomments&post=68"}],"version-history":[{"count":25,"href":"https:\/\/nightfoxandco.com\/index.php?rest_route=\/wp\/v2\/pages\/68\/revisions"}],"predecessor-version":[{"id":1147,"href":"https:\/\/nightfoxandco.com\/index.php?rest_route=\/wp\/v2\/pages\/68\/revisions\/1147"}],"up":[{"embeddable":true,"href":"https:\/\/nightfoxandco.com\/index.php?rest_route=\/wp\/v2\/pages\/56"}],"wp:attachment":[{"href":"https:\/\/nightfoxandco.com\/index.php?rest_route=%2Fwp%2Fv2%2Fmedia&parent=68"}],"curies":[{"name":"wp","href":"https:\/\/api.w.org\/{rel}","templated":true}]}}