{"id":66,"date":"2019-07-11T13:36:16","date_gmt":"2019-07-11T11:36:16","guid":{"rendered":"http:\/\/nightfoxandco.com\/?page_id=66"},"modified":"2022-02-14T13:15:48","modified_gmt":"2022-02-14T12:15:48","slug":"mind-maze","status":"publish","type":"page","link":"https:\/\/nightfoxandco.com\/?page_id=66","title":{"rendered":"Mind Maze"},"content":{"rendered":"\n<figure class=\"wp-block-image is-resized\"><a href=\"https:\/\/nightfoxandco.com\/wp-content\/uploads\/2019\/07\/nds_mind_maze.png\" target=\"_blank\" rel=\"noopener\"><img loading=\"lazy\" decoding=\"async\" src=\"https:\/\/nightfoxandco.com\/wp-content\/uploads\/2019\/07\/nds_mind_maze-1024x987.png\" alt=\"\" class=\"wp-image-178\" width=\"512\" height=\"494\" srcset=\"https:\/\/nightfoxandco.com\/wp-content\/uploads\/2019\/07\/nds_mind_maze-1024x987.png 1024w, https:\/\/nightfoxandco.com\/wp-content\/uploads\/2019\/07\/nds_mind_maze-300x289.png 300w, https:\/\/nightfoxandco.com\/wp-content\/uploads\/2019\/07\/nds_mind_maze-768x740.png 768w, https:\/\/nightfoxandco.com\/wp-content\/uploads\/2019\/07\/nds_mind_maze.png 1141w\" sizes=\"auto, (max-width: 512px) 100vw, 512px\" \/><\/a><\/figure>\n\n\n\n<div style=\"height:25px\" aria-hidden=\"true\" class=\"wp-block-spacer\"><\/div>\n\n\n\n<p>Mind Maze es un compendio de mini juegos en los que prima la inteligencia y la habilidad con el Stylus para poder resolverlos.<\/p>\n\n\n\n<p>Este proyecto, creado inicialmente con PALIB, fue abandonado tempranamente, por problemas con esa librer\u00eda, lo que obligo a la cancelaci\u00f3n del proyecto y a la creaci\u00f3n por nuestra parte de NFlib, la cual usamos en todos nuestros proyectos desde ese momento.<\/p>\n\n\n\n<p>Una de los apartados al que prestamos especial atenci\u00f3n durante el desarrollo de este proyecto fue la inclusi\u00f3n de la opci\u00f3n para jugadores zurdos, dado que al usar principalmente la pantalla t\u00e1ctil como interfaz, nos pareci\u00f3 de vital importancia incorporar esta opci\u00f3n.<\/p>\n\n\n\n<p>1er Mini juego \u2013 Puzle deslizante.<br> El objetivo de este mini juego es resolver unos puzles de fichas deslizantes de 3\u00d74 en el menor tiempo posible con la menor cantidad de movimientos que podamos. A mejor puntuaci\u00f3n, obtendremos m\u00e1s cr\u00e9ditos para comprar m\u00e1s puzles.<\/p>\n\n\n\n<div style=\"height:25px\" aria-hidden=\"true\" class=\"wp-block-spacer\"><\/div>\n\n\n\n<figure class=\"wp-block-image is-resized\"><a href=\"https:\/\/nightfoxandco.com\/wp-content\/uploads\/2019\/07\/nds_mind_maze_1.png\" target=\"_blank\" rel=\"noopener\"><img loading=\"lazy\" decoding=\"async\" src=\"https:\/\/nightfoxandco.com\/wp-content\/uploads\/2019\/07\/nds_mind_maze_1-1024x987.png\" alt=\"\" class=\"wp-image-181\" width=\"512\" height=\"494\" srcset=\"https:\/\/nightfoxandco.com\/wp-content\/uploads\/2019\/07\/nds_mind_maze_1-1024x987.png 1024w, https:\/\/nightfoxandco.com\/wp-content\/uploads\/2019\/07\/nds_mind_maze_1-300x289.png 300w, https:\/\/nightfoxandco.com\/wp-content\/uploads\/2019\/07\/nds_mind_maze_1-768x740.png 768w, https:\/\/nightfoxandco.com\/wp-content\/uploads\/2019\/07\/nds_mind_maze_1.png 1141w\" sizes=\"auto, (max-width: 512px) 100vw, 512px\" \/><\/a><\/figure>\n\n\n\n<div style=\"height:25px\" aria-hidden=\"true\" class=\"wp-block-spacer\"><\/div>\n\n\n\n<p>2do Mini juego \u2013 Parejas.<br> Este es un juego de memoria. Tendremos que realizar 4 parejas por ronda, en un total de 4 rondas, dejando a la carta \u00abComod\u00edn\u00bb para el final de cada ronda. Si la destapamos antes, perderemos todas las parejas acumuladas de esa ronda y deberemos de empezar de nuevo.<\/p>\n\n\n\n<div style=\"height:25px\" aria-hidden=\"true\" class=\"wp-block-spacer\"><\/div>\n\n\n\n<figure class=\"wp-block-image is-resized\"><a href=\"https:\/\/nightfoxandco.com\/wp-content\/uploads\/2019\/07\/nds_mind_maze_2.png\" target=\"_blank\" rel=\"noopener\"><img loading=\"lazy\" decoding=\"async\" src=\"https:\/\/nightfoxandco.com\/wp-content\/uploads\/2019\/07\/nds_mind_maze_2-1024x987.png\" alt=\"\" class=\"wp-image-183\" width=\"512\" height=\"494\" srcset=\"https:\/\/nightfoxandco.com\/wp-content\/uploads\/2019\/07\/nds_mind_maze_2-1024x987.png 1024w, https:\/\/nightfoxandco.com\/wp-content\/uploads\/2019\/07\/nds_mind_maze_2-300x289.png 300w, https:\/\/nightfoxandco.com\/wp-content\/uploads\/2019\/07\/nds_mind_maze_2-768x740.png 768w, https:\/\/nightfoxandco.com\/wp-content\/uploads\/2019\/07\/nds_mind_maze_2.png 1141w\" sizes=\"auto, (max-width: 512px) 100vw, 512px\" \/><\/a><\/figure>\n\n\n\n<div style=\"height:25px\" aria-hidden=\"true\" class=\"wp-block-spacer\"><\/div>\n\n\n\n<p>3er Mini juego \u2013 Laberinto.<br> En este juego tendremos que guiar a la bola por un laberinto hasta su salida. Para moverla, deberemos tocarla con el stylus y sin levantarlo, desplazarlo en la direcci\u00f3n que queramos mover a bola. La bola seguir\u00e1 al stylus. Cuanto m\u00e1s alejados estemos de la bola, m\u00e1s velocidad tendr\u00e1 esta. Si levantamos el stylus o la bola toca con un muro, perder\u00e1 el control y deberemos esperar a que se detenga para poder controlarla de nuevo.<\/p>\n\n\n\n<div style=\"height:25px\" aria-hidden=\"true\" class=\"wp-block-spacer\"><\/div>\n\n\n\n<figure class=\"wp-block-image is-resized\"><a href=\"https:\/\/nightfoxandco.com\/wp-content\/uploads\/2019\/07\/nds_mind_maze_3.png\" target=\"_blank\" rel=\"noopener\"><img loading=\"lazy\" decoding=\"async\" src=\"https:\/\/nightfoxandco.com\/wp-content\/uploads\/2019\/07\/nds_mind_maze_3-1024x987.png\" alt=\"\" class=\"wp-image-185\" width=\"512\" height=\"494\" srcset=\"https:\/\/nightfoxandco.com\/wp-content\/uploads\/2019\/07\/nds_mind_maze_3-1024x987.png 1024w, https:\/\/nightfoxandco.com\/wp-content\/uploads\/2019\/07\/nds_mind_maze_3-300x289.png 300w, https:\/\/nightfoxandco.com\/wp-content\/uploads\/2019\/07\/nds_mind_maze_3-768x740.png 768w, https:\/\/nightfoxandco.com\/wp-content\/uploads\/2019\/07\/nds_mind_maze_3.png 1141w\" sizes=\"auto, (max-width: 512px) 100vw, 512px\" \/><\/a><\/figure>\n\n\n\n<div style=\"height:25px\" aria-hidden=\"true\" class=\"wp-block-spacer\"><\/div>\n\n\n\n<p>4to Mini juego \u2013 Cubos<br> El objetivo es simple, formar cualquiera de las 4 im\u00e1genes disponibles, girando los cubos. Para ello, tocaremos el cubo deseado y lo giraremos a derecha o izquierda con el stylus. Puedes girar el cubo tantas caras como quieras, pero recuerda que, al introducirlo, todos los cubos colindantes giraran una cara en sentido contrario. Para introducirlo, simplemente tocaremos la pantalla unos instantes.<\/p>\n\n\n\n<div style=\"height:25px\" aria-hidden=\"true\" class=\"wp-block-spacer\"><\/div>\n\n\n\n<figure class=\"wp-block-image is-resized\"><a href=\"https:\/\/nightfoxandco.com\/wp-content\/uploads\/2019\/07\/nds_mind_maze_4.png\" target=\"_blank\" rel=\"noopener\"><img loading=\"lazy\" decoding=\"async\" src=\"https:\/\/nightfoxandco.com\/wp-content\/uploads\/2019\/07\/nds_mind_maze_4-1024x987.png\" alt=\"\" class=\"wp-image-187\" width=\"512\" height=\"494\" srcset=\"https:\/\/nightfoxandco.com\/wp-content\/uploads\/2019\/07\/nds_mind_maze_4-1024x987.png 1024w, https:\/\/nightfoxandco.com\/wp-content\/uploads\/2019\/07\/nds_mind_maze_4-300x289.png 300w, https:\/\/nightfoxandco.com\/wp-content\/uploads\/2019\/07\/nds_mind_maze_4-768x740.png 768w, https:\/\/nightfoxandco.com\/wp-content\/uploads\/2019\/07\/nds_mind_maze_4.png 1141w\" sizes=\"auto, (max-width: 512px) 100vw, 512px\" \/><\/a><\/figure>\n\n\n\n<div style=\"height:25px\" aria-hidden=\"true\" class=\"wp-block-spacer\"><\/div>\n\n\n\n<p>Dado que Mind Maze usa algunas funciones avanzadas del hardware de la DS, es posible que en alguno emuladores experimentes errores gr\u00e1ficos o una velocidad de juego inadecuada.<\/p>\n\n\n\n<p>Este fue el primer proyecto donde usamos las funciones de gr\u00e1ficos en 3D de las que dispone la consola. Tambi\u00e9n es el primer proyecto donde utilizamos nuestro codec experimental de v\u00eddeo, el cual usamos durante la secuencia de introducci\u00f3n.<\/p>\n\n\n\n<p>Instalaci\u00f3n<br>Para poder jugar a Mind Maze en tu Nintendo DS necesitar\u00e1s disponer de una flashcard, si no dispones de ninguna, puedes jugar tambi\u00e9n en un emulador de DS para PC,  como el <a rel=\"noreferrer noopener\" href=\"https:\/\/www.nogba.com\/\" target=\"_blank\">no$gba<\/a> o el <a rel=\"noreferrer noopener\" href=\"http:\/\/desmume.org\/\" target=\"_blank\">desmume<\/a> .<br> Para instalar el juego, simplemente copia el archivo .nds en tu  <a rel=\"noreferrer noopener\" href=\"https:\/\/en.wikipedia.org\/wiki\/List_of_Nintendo_DS_and_3DS_flash_cartridges\" target=\"_blank\">flashard<\/a> y ejec\u00fatalo.<br> El juego usa el sistema NitroFS como sistema de archivos, si tu flashcard no soporta la funcionalidad de \u00abArgv\u00bb, deber\u00e1s ejecutarlo usando el <a rel=\"noreferrer noopener\" href=\"https:\/\/devkitpro.org\/wiki\/Homebrew_Menu\" target=\"_blank\">Homebrew Menu<\/a> de Drunken Coders. <\/p>\n\n\n\n<div style=\"height:25px\" aria-hidden=\"true\" class=\"wp-block-spacer\"><\/div>\n\n\n\n<figure class=\"wp-block-embed is-type-video is-provider-youtube wp-block-embed-youtube wp-embed-aspect-16-9 wp-has-aspect-ratio\"><div class=\"wp-block-embed__wrapper\">\n<iframe loading=\"lazy\" title=\"NDS Mind Maze Gameplay\" width=\"780\" height=\"439\" src=\"https:\/\/www.youtube.com\/embed\/UzO1tNHaRbo?feature=oembed\" frameborder=\"0\" allow=\"accelerometer; autoplay; encrypted-media; gyroscope; picture-in-picture\" allowfullscreen><\/iframe>\n<\/div><\/figure>\n\n\n\n<div style=\"height:50px\" aria-hidden=\"true\" class=\"wp-block-spacer\"><\/div>\n\n\n\n<figure class=\"wp-block-image is-resized\"><a href=\"https:\/\/github.com\/knightfox75\/mind_maze\" target=\"_blank\" rel=\"noreferrer noopener\"><img loading=\"lazy\" decoding=\"async\" src=\"http:\/\/nightfoxandco.com\/wp-content\/uploads\/2019\/07\/download_icon-1024x160.png\" alt=\"\" class=\"wp-image-94\" width=\"512\" height=\"80\" srcset=\"https:\/\/nightfoxandco.com\/wp-content\/uploads\/2019\/07\/download_icon-1024x160.png 1024w, https:\/\/nightfoxandco.com\/wp-content\/uploads\/2019\/07\/download_icon-300x47.png 300w, https:\/\/nightfoxandco.com\/wp-content\/uploads\/2019\/07\/download_icon-768x120.png 768w, https:\/\/nightfoxandco.com\/wp-content\/uploads\/2019\/07\/download_icon-1536x240.png 1536w, https:\/\/nightfoxandco.com\/wp-content\/uploads\/2019\/07\/download_icon.png 1641w\" sizes=\"auto, (max-width: 512px) 100vw, 512px\" \/><\/a><\/figure>\n\n\n\n<div style=\"height:100px\" aria-hidden=\"true\" class=\"wp-block-spacer\"><\/div>\n\n\n\n<figure class=\"wp-block-image is-resized\"><a href=\"https:\/\/creativecommons.org\/licenses\/by-nc\/4.0\/\" target=\"_blank\" rel=\"noreferrer noopener\"><img loading=\"lazy\" decoding=\"async\" src=\"http:\/\/nightfoxandco.com\/wp-content\/uploads\/2019\/07\/cc_by-nc.png\" alt=\"\" class=\"wp-image-83\" width=\"101\" height=\"35\" srcset=\"https:\/\/nightfoxandco.com\/wp-content\/uploads\/2019\/07\/cc_by-nc.png 403w, https:\/\/nightfoxandco.com\/wp-content\/uploads\/2019\/07\/cc_by-nc-300x105.png 300w\" sizes=\"auto, (max-width: 101px) 100vw, 101px\" \/><\/a><\/figure>\n\n\n\n<div style=\"height:100px\" aria-hidden=\"true\" class=\"wp-block-spacer\"><\/div>\n","protected":false},"excerpt":{"rendered":"<p>Mind Maze es un compendio de mini juegos en los que prima la inteligencia y la habilidad con el Stylus para poder resolverlos. Este proyecto, creado inicialmente con PALIB, fue abandonado tempranamente, por problemas con esa librer\u00eda, lo que obligo a la cancelaci\u00f3n del proyecto y a la creaci\u00f3n por nuestra parte de NFlib, la <a class=\"more-link\" href=\"https:\/\/nightfoxandco.com\/?page_id=66\">Read More &#8230;<\/a><\/p>\n","protected":false},"author":1,"featured_media":0,"parent":56,"menu_order":400,"comment_status":"closed","ping_status":"closed","template":"","meta":{"footnotes":""},"class_list":["post-66","page","type-page","status-publish","hentry"],"_links":{"self":[{"href":"https:\/\/nightfoxandco.com\/index.php?rest_route=\/wp\/v2\/pages\/66","targetHints":{"allow":["GET"]}}],"collection":[{"href":"https:\/\/nightfoxandco.com\/index.php?rest_route=\/wp\/v2\/pages"}],"about":[{"href":"https:\/\/nightfoxandco.com\/index.php?rest_route=\/wp\/v2\/types\/page"}],"author":[{"embeddable":true,"href":"https:\/\/nightfoxandco.com\/index.php?rest_route=\/wp\/v2\/users\/1"}],"replies":[{"embeddable":true,"href":"https:\/\/nightfoxandco.com\/index.php?rest_route=%2Fwp%2Fv2%2Fcomments&post=66"}],"version-history":[{"count":19,"href":"https:\/\/nightfoxandco.com\/index.php?rest_route=\/wp\/v2\/pages\/66\/revisions"}],"predecessor-version":[{"id":1146,"href":"https:\/\/nightfoxandco.com\/index.php?rest_route=\/wp\/v2\/pages\/66\/revisions\/1146"}],"up":[{"embeddable":true,"href":"https:\/\/nightfoxandco.com\/index.php?rest_route=\/wp\/v2\/pages\/56"}],"wp:attachment":[{"href":"https:\/\/nightfoxandco.com\/index.php?rest_route=%2Fwp%2Fv2%2Fmedia&parent=66"}],"curies":[{"name":"wp","href":"https:\/\/api.w.org\/{rel}","templated":true}]}}