{"id":64,"date":"2019-07-11T13:35:59","date_gmt":"2019-07-11T11:35:59","guid":{"rendered":"http:\/\/nightfoxandco.com\/?page_id=64"},"modified":"2022-02-14T13:14:26","modified_gmt":"2022-02-14T12:14:26","slug":"speed-trap","status":"publish","type":"page","link":"https:\/\/nightfoxandco.com\/?page_id=64","title":{"rendered":"Speed Trap"},"content":{"rendered":"\n<figure class=\"wp-block-image is-resized\"><a href=\"https:\/\/nightfoxandco.com\/wp-content\/uploads\/2019\/07\/nds_speed_trap.png\" target=\"_blank\" rel=\"noopener\"><img loading=\"lazy\" decoding=\"async\" src=\"https:\/\/nightfoxandco.com\/wp-content\/uploads\/2019\/07\/nds_speed_trap-987x1024.png\" alt=\"\" class=\"wp-image-157\" width=\"494\" height=\"512\" srcset=\"https:\/\/nightfoxandco.com\/wp-content\/uploads\/2019\/07\/nds_speed_trap-987x1024.png 987w, https:\/\/nightfoxandco.com\/wp-content\/uploads\/2019\/07\/nds_speed_trap-289x300.png 289w, https:\/\/nightfoxandco.com\/wp-content\/uploads\/2019\/07\/nds_speed_trap-768x797.png 768w, https:\/\/nightfoxandco.com\/wp-content\/uploads\/2019\/07\/nds_speed_trap.png 1100w\" sizes=\"auto, (max-width: 494px) 100vw, 494px\" \/><\/a><\/figure>\n\n\n\n<div style=\"height:25px\" aria-hidden=\"true\" class=\"wp-block-spacer\"><\/div>\n\n\n\n<p>Speed Trap es un juego arcade de carreras de coches con vista a\u00e9rea. Este juego ha obtenido en el a\u00f1o 2010 dos galardones, en el Scenery Beta 2010 y en la Neo Compo 2010, quedando en ambos casos en 3ra posici\u00f3n.<\/p>\n\n\n\n<p>El objetivo del juego es completar cuatro vueltas al circuito escogido antes de que se agote el tiempo. Parecido a juegos como Out Run, obtendremos tiempo extra en los puntos de control y en el paso por meta.<br>El juego dispone de tres niveles de dificultad y tendremos a nuestra disposici\u00f3n  10 coches diferentes, los cuales son parametrizables y variar\u00e1n su comportamiento seg\u00fan los configuremos.<\/p>\n\n\n\n<div style=\"height:25px\" aria-hidden=\"true\" class=\"wp-block-spacer\"><\/div>\n\n\n\n<figure class=\"wp-block-gallery has-nested-images columns-default is-cropped wp-block-gallery-1 is-layout-flex wp-block-gallery-is-layout-flex\">\n<figure class=\"wp-block-image size-large\"><a href=\"https:\/\/nightfoxandco.com\/wp-content\/uploads\/2019\/07\/nds_speed_trap_1.png\" target=\"_blank\" rel=\"noopener\"><img loading=\"lazy\" decoding=\"async\" width=\"987\" height=\"1024\" data-id=\"163\" src=\"https:\/\/nightfoxandco.com\/wp-content\/uploads\/2019\/07\/nds_speed_trap_1-987x1024.png\" alt=\"\" class=\"wp-image-163\" srcset=\"https:\/\/nightfoxandco.com\/wp-content\/uploads\/2019\/07\/nds_speed_trap_1-987x1024.png 987w, https:\/\/nightfoxandco.com\/wp-content\/uploads\/2019\/07\/nds_speed_trap_1-289x300.png 289w, https:\/\/nightfoxandco.com\/wp-content\/uploads\/2019\/07\/nds_speed_trap_1-768x797.png 768w, https:\/\/nightfoxandco.com\/wp-content\/uploads\/2019\/07\/nds_speed_trap_1.png 1100w\" sizes=\"auto, (max-width: 987px) 100vw, 987px\" \/><\/a><\/figure>\n\n\n\n<figure class=\"wp-block-image size-large\"><a href=\"https:\/\/nightfoxandco.com\/wp-content\/uploads\/2019\/07\/nds_speed_trap_2.png\" target=\"_blank\" rel=\"noopener\"><img loading=\"lazy\" decoding=\"async\" width=\"987\" height=\"1024\" data-id=\"165\" src=\"https:\/\/nightfoxandco.com\/wp-content\/uploads\/2019\/07\/nds_speed_trap_2-987x1024.png\" alt=\"\" class=\"wp-image-165\" srcset=\"https:\/\/nightfoxandco.com\/wp-content\/uploads\/2019\/07\/nds_speed_trap_2-987x1024.png 987w, https:\/\/nightfoxandco.com\/wp-content\/uploads\/2019\/07\/nds_speed_trap_2-289x300.png 289w, https:\/\/nightfoxandco.com\/wp-content\/uploads\/2019\/07\/nds_speed_trap_2-768x797.png 768w, https:\/\/nightfoxandco.com\/wp-content\/uploads\/2019\/07\/nds_speed_trap_2.png 1100w\" sizes=\"auto, (max-width: 987px) 100vw, 987px\" \/><\/a><\/figure>\n<\/figure>\n\n\n\n<div style=\"height:25px\" aria-hidden=\"true\" class=\"wp-block-spacer\"><\/div>\n\n\n\n<p>Podremos escoger entre 3 circuitos diferentes, un circuito en el campo, una pista en el desierto y para finalizar un recorrido en un entorno industrial.<\/p>\n\n\n\n<p>La IA del juego es del tipo adaptativo, es decir, no tiene un recorrido predeterminado. En vez de eso, \u00ablee\u00bb la carretera e intenta conducir lo mejor posible seg\u00fan los par\u00e1metros del vehiculo que controla.  Esto significa que la configuraci\u00f3n escogida para los veh\u00edculos en el men\u00fa de opciones tambi\u00e9n afectar\u00e1 al comportamiento de la IA.<\/p>\n\n\n\n<div style=\"height:25px\" aria-hidden=\"true\" class=\"wp-block-spacer\"><\/div>\n\n\n\n<figure class=\"wp-block-gallery has-nested-images columns-default is-cropped wp-block-gallery-2 is-layout-flex wp-block-gallery-is-layout-flex\">\n<figure class=\"wp-block-image size-large\"><a href=\"https:\/\/nightfoxandco.com\/wp-content\/uploads\/2019\/07\/nds_speed_trap_3.png\" target=\"_blank\" rel=\"noopener\"><img loading=\"lazy\" decoding=\"async\" width=\"987\" height=\"1024\" data-id=\"168\" src=\"https:\/\/nightfoxandco.com\/wp-content\/uploads\/2019\/07\/nds_speed_trap_3-987x1024.png\" alt=\"\" class=\"wp-image-168\" srcset=\"https:\/\/nightfoxandco.com\/wp-content\/uploads\/2019\/07\/nds_speed_trap_3-987x1024.png 987w, https:\/\/nightfoxandco.com\/wp-content\/uploads\/2019\/07\/nds_speed_trap_3-289x300.png 289w, https:\/\/nightfoxandco.com\/wp-content\/uploads\/2019\/07\/nds_speed_trap_3-768x797.png 768w, https:\/\/nightfoxandco.com\/wp-content\/uploads\/2019\/07\/nds_speed_trap_3.png 1100w\" sizes=\"auto, (max-width: 987px) 100vw, 987px\" \/><\/a><\/figure>\n\n\n\n<figure class=\"wp-block-image size-large\"><a href=\"https:\/\/nightfoxandco.com\/wp-content\/uploads\/2019\/07\/nds_speed_trap_4.png\" target=\"_blank\" rel=\"noopener\"><img loading=\"lazy\" decoding=\"async\" width=\"987\" height=\"1024\" data-id=\"169\" src=\"https:\/\/nightfoxandco.com\/wp-content\/uploads\/2019\/07\/nds_speed_trap_4-987x1024.png\" alt=\"\" class=\"wp-image-169\" srcset=\"https:\/\/nightfoxandco.com\/wp-content\/uploads\/2019\/07\/nds_speed_trap_4-987x1024.png 987w, https:\/\/nightfoxandco.com\/wp-content\/uploads\/2019\/07\/nds_speed_trap_4-289x300.png 289w, https:\/\/nightfoxandco.com\/wp-content\/uploads\/2019\/07\/nds_speed_trap_4-768x797.png 768w, https:\/\/nightfoxandco.com\/wp-content\/uploads\/2019\/07\/nds_speed_trap_4.png 1100w\" sizes=\"auto, (max-width: 987px) 100vw, 987px\" \/><\/a><\/figure>\n<\/figure>\n\n\n\n<div style=\"height:25px\" aria-hidden=\"true\" class=\"wp-block-spacer\"><\/div>\n\n\n\n<p>Para terminar he de mencionar que nos inspiramos (mucho) en otro cl\u00e1sico de la era de los 8 bits: El <a href=\"https:\/\/en.wikipedia.org\/wiki\/Road_Fighter\" target=\"_blank\" rel=\"noreferrer noopener\" aria-label=\"Road Fighter de Konami (abre en una nueva pesta\u00f1a)\">Road Fighter de Konami<\/a>, por lo que consideramos Speed Trap nuestro homenaje personal al juego de la empresa Japonesa.<\/p>\n\n\n\n<p>Instalaci\u00f3n<br>Para poder jugar a Speed Trap en tu Nintendo DS necesitar\u00e1s disponer de una flashcard, si no dispones de ninguna, puedes jugar tambi\u00e9n en un emulador de DS para PC,  como el <a rel=\"noreferrer noopener\" href=\"https:\/\/www.nogba.com\/\" target=\"_blank\">no$gba<\/a> o el <a rel=\"noreferrer noopener\" href=\"http:\/\/desmume.org\/\" target=\"_blank\">desmume<\/a> .<br> Para instalar el juego, simplemente copia el archivo .nds en tu  <a rel=\"noreferrer noopener\" href=\"https:\/\/en.wikipedia.org\/wiki\/List_of_Nintendo_DS_and_3DS_flash_cartridges\" target=\"_blank\">flashard<\/a> y ejec\u00fatalo.<br> El juego usa el sistema NitroFS como sistema de archivos, si tu flashcard no soporta la funcionalidad de \u00abArgv\u00bb, deber\u00e1s ejecutarlo usando el <a rel=\"noreferrer noopener\" href=\"https:\/\/devkitpro.org\/wiki\/Homebrew_Menu\" target=\"_blank\">Homebrew Menu<\/a> de Drunken Coders. <\/p>\n\n\n\n<div style=\"height:25px\" aria-hidden=\"true\" class=\"wp-block-spacer\"><\/div>\n\n\n\n<figure class=\"wp-block-embed is-type-video is-provider-youtube wp-block-embed-youtube wp-embed-aspect-16-9 wp-has-aspect-ratio\"><div class=\"wp-block-embed__wrapper\">\n<iframe loading=\"lazy\" title=\"NDS Speed Trap gameplay\" width=\"780\" height=\"439\" src=\"https:\/\/www.youtube.com\/embed\/-HEhHMr75Cg?feature=oembed\" frameborder=\"0\" allow=\"accelerometer; autoplay; encrypted-media; gyroscope; picture-in-picture\" allowfullscreen><\/iframe>\n<\/div><\/figure>\n\n\n\n<div style=\"height:50px\" aria-hidden=\"true\" class=\"wp-block-spacer\"><\/div>\n\n\n\n<figure class=\"wp-block-image is-resized\"><a href=\"https:\/\/github.com\/knightfox75\/speed_trap\" target=\"_blank\" rel=\"noreferrer noopener\"><img loading=\"lazy\" decoding=\"async\" src=\"http:\/\/nightfoxandco.com\/wp-content\/uploads\/2019\/07\/download_icon-1024x160.png\" alt=\"\" class=\"wp-image-94\" width=\"512\" height=\"80\" srcset=\"https:\/\/nightfoxandco.com\/wp-content\/uploads\/2019\/07\/download_icon-1024x160.png 1024w, https:\/\/nightfoxandco.com\/wp-content\/uploads\/2019\/07\/download_icon-300x47.png 300w, https:\/\/nightfoxandco.com\/wp-content\/uploads\/2019\/07\/download_icon-768x120.png 768w, https:\/\/nightfoxandco.com\/wp-content\/uploads\/2019\/07\/download_icon-1536x240.png 1536w, https:\/\/nightfoxandco.com\/wp-content\/uploads\/2019\/07\/download_icon.png 1641w\" sizes=\"auto, (max-width: 512px) 100vw, 512px\" \/><\/a><\/figure>\n\n\n\n<div style=\"height:100px\" aria-hidden=\"true\" class=\"wp-block-spacer\"><\/div>\n\n\n\n<figure class=\"wp-block-image is-resized\"><a href=\"https:\/\/creativecommons.org\/licenses\/by-nc\/4.0\/\" target=\"_blank\" rel=\"noreferrer noopener\"><img loading=\"lazy\" decoding=\"async\" src=\"http:\/\/nightfoxandco.com\/wp-content\/uploads\/2019\/07\/cc_by-nc.png\" alt=\"\" class=\"wp-image-83\" width=\"101\" height=\"35\" srcset=\"https:\/\/nightfoxandco.com\/wp-content\/uploads\/2019\/07\/cc_by-nc.png 403w, https:\/\/nightfoxandco.com\/wp-content\/uploads\/2019\/07\/cc_by-nc-300x105.png 300w\" sizes=\"auto, (max-width: 101px) 100vw, 101px\" \/><\/a><\/figure>\n\n\n\n<div style=\"height:100px\" aria-hidden=\"true\" class=\"wp-block-spacer\"><\/div>\n","protected":false},"excerpt":{"rendered":"<p>Speed Trap es un juego arcade de carreras de coches con vista a\u00e9rea. Este juego ha obtenido en el a\u00f1o 2010 dos galardones, en el Scenery Beta 2010 y en la Neo Compo 2010, quedando en ambos casos en 3ra posici\u00f3n. El objetivo del juego es completar cuatro vueltas al circuito escogido antes de que <a class=\"more-link\" href=\"https:\/\/nightfoxandco.com\/?page_id=64\">Read More &#8230;<\/a><\/p>\n","protected":false},"author":1,"featured_media":0,"parent":56,"menu_order":300,"comment_status":"closed","ping_status":"closed","template":"","meta":{"footnotes":""},"class_list":["post-64","page","type-page","status-publish","hentry"],"_links":{"self":[{"href":"https:\/\/nightfoxandco.com\/index.php?rest_route=\/wp\/v2\/pages\/64","targetHints":{"allow":["GET"]}}],"collection":[{"href":"https:\/\/nightfoxandco.com\/index.php?rest_route=\/wp\/v2\/pages"}],"about":[{"href":"https:\/\/nightfoxandco.com\/index.php?rest_route=\/wp\/v2\/types\/page"}],"author":[{"embeddable":true,"href":"https:\/\/nightfoxandco.com\/index.php?rest_route=\/wp\/v2\/users\/1"}],"replies":[{"embeddable":true,"href":"https:\/\/nightfoxandco.com\/index.php?rest_route=%2Fwp%2Fv2%2Fcomments&post=64"}],"version-history":[{"count":17,"href":"https:\/\/nightfoxandco.com\/index.php?rest_route=\/wp\/v2\/pages\/64\/revisions"}],"predecessor-version":[{"id":1145,"href":"https:\/\/nightfoxandco.com\/index.php?rest_route=\/wp\/v2\/pages\/64\/revisions\/1145"}],"up":[{"embeddable":true,"href":"https:\/\/nightfoxandco.com\/index.php?rest_route=\/wp\/v2\/pages\/56"}],"wp:attachment":[{"href":"https:\/\/nightfoxandco.com\/index.php?rest_route=%2Fwp%2Fv2%2Fmedia&parent=64"}],"curies":[{"name":"wp","href":"https:\/\/api.w.org\/{rel}","templated":true}]}}