{"id":62,"date":"2019-07-11T13:35:19","date_gmt":"2019-07-11T11:35:19","guid":{"rendered":"http:\/\/nightfoxandco.com\/?page_id=62"},"modified":"2022-02-14T13:12:59","modified_gmt":"2022-02-14T12:12:59","slug":"navy-wars","status":"publish","type":"page","link":"https:\/\/nightfoxandco.com\/?page_id=62","title":{"rendered":"Navy Wars"},"content":{"rendered":"\n<figure class=\"wp-block-image is-resized\"><a href=\"https:\/\/nightfoxandco.com\/wp-content\/uploads\/2019\/07\/nds_navy_wars.png\" target=\"_blank\" rel=\"noopener\"><img loading=\"lazy\" decoding=\"async\" src=\"https:\/\/nightfoxandco.com\/wp-content\/uploads\/2019\/07\/nds_navy_wars-987x1024.png\" alt=\"\" class=\"wp-image-139\" width=\"494\" height=\"512\" srcset=\"https:\/\/nightfoxandco.com\/wp-content\/uploads\/2019\/07\/nds_navy_wars-987x1024.png 987w, https:\/\/nightfoxandco.com\/wp-content\/uploads\/2019\/07\/nds_navy_wars-289x300.png 289w, https:\/\/nightfoxandco.com\/wp-content\/uploads\/2019\/07\/nds_navy_wars-768x797.png 768w, https:\/\/nightfoxandco.com\/wp-content\/uploads\/2019\/07\/nds_navy_wars.png 1100w\" sizes=\"auto, (max-width: 494px) 100vw, 494px\" \/><\/a><\/figure>\n\n\n\n<div style=\"height:25px\" aria-hidden=\"true\" class=\"wp-block-spacer\"><\/div>\n\n\n\n<p>Navy Wars es un juego basado en el cl\u00e1sico hundir la flota para tu Nintendo DS.<br>\nEs el primer juego de nuestro equipo programado \u00edntegramente usando nuestras librer\u00edas, NightFox\u2019s Lib, y fue galardonado con el tercer premio en el Scenery Beta 2009 Homebrew International Showcase.<\/p>\n\n\n\n<p>El objetivo del juego es simple, hundir todos los barcos enemigos antes que tu oponente hunda los tuyos.<br>\nHemos optado por la reglamentaci\u00f3n mas b\u00e1sica, un disparo por turno, sin opci\u00f3n a seguir disparando si aciertas. Cada jugador tiene un total de 6 nav\u00edos, 1 de 4 casillas, 2 de 3 casillas y 3 de 2 casillas.<br>\nUna vez colocados todos tus nav\u00edos en el tablero, en la posici\u00f3n y direcci\u00f3n que quieras, empieza la partida.<br>\nPara disparar, simplemente tocaremos la casilla donde creemos que se esconde un barco enemigo. Si fallamos, veremos el disparo al agua, en caso de acertar, veremos la explosi\u00f3n correspondiente. El nav\u00edo enemigo no ser\u00e1 visible completamente hasta que este sea destruido (hundido).<\/p>\n\n\n\n<div style=\"height:25px\" aria-hidden=\"true\" class=\"wp-block-spacer\"><\/div>\n\n\n\n<figure class=\"wp-block-image is-resized\"><a href=\"https:\/\/nightfoxandco.com\/wp-content\/uploads\/2019\/07\/nds_navy_wars_2.png\" target=\"_blank\" rel=\"noopener\"><img loading=\"lazy\" decoding=\"async\" src=\"https:\/\/nightfoxandco.com\/wp-content\/uploads\/2019\/07\/nds_navy_wars_2-987x1024.png\" alt=\"\" class=\"wp-image-144\" width=\"494\" height=\"512\" srcset=\"https:\/\/nightfoxandco.com\/wp-content\/uploads\/2019\/07\/nds_navy_wars_2-987x1024.png 987w, https:\/\/nightfoxandco.com\/wp-content\/uploads\/2019\/07\/nds_navy_wars_2-289x300.png 289w, https:\/\/nightfoxandco.com\/wp-content\/uploads\/2019\/07\/nds_navy_wars_2-768x797.png 768w, https:\/\/nightfoxandco.com\/wp-content\/uploads\/2019\/07\/nds_navy_wars_2.png 1100w\" sizes=\"auto, (max-width: 494px) 100vw, 494px\" \/><\/a><\/figure>\n\n\n\n<div style=\"height:25px\" aria-hidden=\"true\" class=\"wp-block-spacer\"><\/div>\n\n\n\n<p>Controles \u2013 Men\u00fa.<br> Puedes seleccionar las opciones del men\u00fa con el stylus o con el D-Pad, usando el bot\u00f3n A para aceptar.<\/p>\n\n\n\n<p>Controles \u2013 Despliegue.<br> Para colocar los nav\u00edos en el tablero, simplemente dib\u00fajalos con el stylus; para cambiar de tipo de nav\u00edo, usa las teclas R y L. Puedes mover el tablero usando el D-Pad si eres diestro, o los botones A, B, X e Y si eres zurdo. Una vez colocados todos los nav\u00edos, empezara la batalla.<br> Controles \u2013 Batalla.<br> Durante tu turno, usa el stylus para realizar el disparo, el D-Pad o los botones A, B, X e Y para moverte por el campo de batalla. Si mantienes pulsados los botones R o L, mover\u00e1s la pantalla superior, que es donde est\u00e1 colocada tu flota.<br> Puedes pulsar el bot\u00f3n SELECT en cualquier momento para rendirte y volver al men\u00fa.<\/p>\n\n\n\n<div style=\"height:25px\" aria-hidden=\"true\" class=\"wp-block-spacer\"><\/div>\n\n\n\n<figure class=\"wp-block-image is-resized\"><a href=\"https:\/\/nightfoxandco.com\/wp-content\/uploads\/2019\/07\/nds_navy_wars_3.png\" target=\"_blank\" rel=\"noopener\"><img loading=\"lazy\" decoding=\"async\" src=\"https:\/\/nightfoxandco.com\/wp-content\/uploads\/2019\/07\/nds_navy_wars_3-987x1024.png\" alt=\"\" class=\"wp-image-146\" width=\"494\" height=\"512\" srcset=\"https:\/\/nightfoxandco.com\/wp-content\/uploads\/2019\/07\/nds_navy_wars_3-987x1024.png 987w, https:\/\/nightfoxandco.com\/wp-content\/uploads\/2019\/07\/nds_navy_wars_3-289x300.png 289w, https:\/\/nightfoxandco.com\/wp-content\/uploads\/2019\/07\/nds_navy_wars_3-768x797.png 768w, https:\/\/nightfoxandco.com\/wp-content\/uploads\/2019\/07\/nds_navy_wars_3.png 1100w\" sizes=\"auto, (max-width: 494px) 100vw, 494px\" \/><\/a><\/figure>\n\n\n\n<div style=\"height:25px\" aria-hidden=\"true\" class=\"wp-block-spacer\"><\/div>\n\n\n\n<p>Instalaci\u00f3n<br>Para poder jugar a Navy Wars en tu Nintendo DS necesitar\u00e1s disponer de una flashcard, si no dispones de ninguna, puedes jugar tambi\u00e9n en un emulador de DS para PC,  como el <a rel=\"noreferrer noopener\" href=\"https:\/\/www.nogba.com\/\" target=\"_blank\">no$gba<\/a> o el <a rel=\"noreferrer noopener\" href=\"http:\/\/desmume.org\/\" target=\"_blank\">desmume<\/a> .<br> Para instalar el juego, simplemente copia el archivo .nds en tu  <a rel=\"noreferrer noopener\" href=\"https:\/\/en.wikipedia.org\/wiki\/List_of_Nintendo_DS_and_3DS_flash_cartridges\" target=\"_blank\">flashard<\/a> y ejec\u00fatalo.<br> El juego usa el sistema NitroFS como sistema de archivos, si tu flashcard no soporta la funcionalidad de \u00abArgv\u00bb, deber\u00e1s ejecutarlo usando el <a rel=\"noreferrer noopener\" aria-label=\"Homebrew Menu (abre en una nueva pesta\u00f1a)\" href=\"https:\/\/devkitpro.org\/wiki\/Homebrew_Menu\" target=\"_blank\">Homebrew Menu<\/a> de Drunken Coders.<\/p>\n\n\n\n<div style=\"height:25px\" aria-hidden=\"true\" class=\"wp-block-spacer\"><\/div>\n\n\n\n<figure class=\"wp-block-embed is-type-video is-provider-youtube wp-block-embed-youtube wp-embed-aspect-16-9 wp-has-aspect-ratio\"><div class=\"wp-block-embed__wrapper\">\n<iframe loading=\"lazy\" title=\"NDS Navy Wars GamePlay\" width=\"780\" height=\"439\" src=\"https:\/\/www.youtube.com\/embed\/aDMsChkfokE?feature=oembed\" frameborder=\"0\" allow=\"accelerometer; autoplay; encrypted-media; gyroscope; picture-in-picture\" allowfullscreen><\/iframe>\n<\/div><\/figure>\n\n\n\n<div style=\"height:50px\" aria-hidden=\"true\" class=\"wp-block-spacer\"><\/div>\n\n\n\n<figure class=\"wp-block-image is-resized\"><a href=\"https:\/\/github.com\/knightfox75\/navy_wars\" target=\"_blank\" rel=\"noreferrer noopener\"><img loading=\"lazy\" decoding=\"async\" src=\"http:\/\/nightfoxandco.com\/wp-content\/uploads\/2019\/07\/download_icon-1024x160.png\" alt=\"\" class=\"wp-image-94\" width=\"512\" height=\"80\" srcset=\"https:\/\/nightfoxandco.com\/wp-content\/uploads\/2019\/07\/download_icon-1024x160.png 1024w, https:\/\/nightfoxandco.com\/wp-content\/uploads\/2019\/07\/download_icon-300x47.png 300w, https:\/\/nightfoxandco.com\/wp-content\/uploads\/2019\/07\/download_icon-768x120.png 768w, https:\/\/nightfoxandco.com\/wp-content\/uploads\/2019\/07\/download_icon-1536x240.png 1536w, https:\/\/nightfoxandco.com\/wp-content\/uploads\/2019\/07\/download_icon.png 1641w\" sizes=\"auto, (max-width: 512px) 100vw, 512px\" \/><\/a><\/figure>\n\n\n\n<div style=\"height:100px\" aria-hidden=\"true\" class=\"wp-block-spacer\"><\/div>\n\n\n\n<figure class=\"wp-block-image is-resized\"><a href=\"https:\/\/creativecommons.org\/licenses\/by-nc\/4.0\/\" target=\"_blank\" rel=\"noreferrer noopener\"><img loading=\"lazy\" decoding=\"async\" src=\"http:\/\/nightfoxandco.com\/wp-content\/uploads\/2019\/07\/cc_by-nc.png\" alt=\"\" class=\"wp-image-83\" width=\"101\" height=\"35\" srcset=\"https:\/\/nightfoxandco.com\/wp-content\/uploads\/2019\/07\/cc_by-nc.png 403w, https:\/\/nightfoxandco.com\/wp-content\/uploads\/2019\/07\/cc_by-nc-300x105.png 300w\" sizes=\"auto, (max-width: 101px) 100vw, 101px\" \/><\/a><\/figure>\n\n\n\n<div style=\"height:100px\" aria-hidden=\"true\" class=\"wp-block-spacer\"><\/div>\n","protected":false},"excerpt":{"rendered":"<p>Navy Wars es un juego basado en el cl\u00e1sico hundir la flota para tu Nintendo DS. Es el primer juego de nuestro equipo programado \u00edntegramente usando nuestras librer\u00edas, NightFox\u2019s Lib, y fue galardonado con el tercer premio en el Scenery Beta 2009 Homebrew International Showcase. El objetivo del juego es simple, hundir todos los barcos <a class=\"more-link\" href=\"https:\/\/nightfoxandco.com\/?page_id=62\">Read More &#8230;<\/a><\/p>\n","protected":false},"author":1,"featured_media":0,"parent":56,"menu_order":200,"comment_status":"closed","ping_status":"closed","template":"","meta":{"footnotes":""},"class_list":["post-62","page","type-page","status-publish","hentry"],"_links":{"self":[{"href":"https:\/\/nightfoxandco.com\/index.php?rest_route=\/wp\/v2\/pages\/62","targetHints":{"allow":["GET"]}}],"collection":[{"href":"https:\/\/nightfoxandco.com\/index.php?rest_route=\/wp\/v2\/pages"}],"about":[{"href":"https:\/\/nightfoxandco.com\/index.php?rest_route=\/wp\/v2\/types\/page"}],"author":[{"embeddable":true,"href":"https:\/\/nightfoxandco.com\/index.php?rest_route=\/wp\/v2\/users\/1"}],"replies":[{"embeddable":true,"href":"https:\/\/nightfoxandco.com\/index.php?rest_route=%2Fwp%2Fv2%2Fcomments&post=62"}],"version-history":[{"count":17,"href":"https:\/\/nightfoxandco.com\/index.php?rest_route=\/wp\/v2\/pages\/62\/revisions"}],"predecessor-version":[{"id":1144,"href":"https:\/\/nightfoxandco.com\/index.php?rest_route=\/wp\/v2\/pages\/62\/revisions\/1144"}],"up":[{"embeddable":true,"href":"https:\/\/nightfoxandco.com\/index.php?rest_route=\/wp\/v2\/pages\/56"}],"wp:attachment":[{"href":"https:\/\/nightfoxandco.com\/index.php?rest_route=%2Fwp%2Fv2%2Fmedia&parent=62"}],"curies":[{"name":"wp","href":"https:\/\/api.w.org\/{rel}","templated":true}]}}