{"id":60,"date":"2019-07-11T13:34:57","date_gmt":"2019-07-11T11:34:57","guid":{"rendered":"http:\/\/nightfoxandco.com\/?page_id=60"},"modified":"2022-02-14T13:12:13","modified_gmt":"2022-02-14T12:12:13","slug":"nightfoxs-colors","status":"publish","type":"page","link":"https:\/\/nightfoxandco.com\/?page_id=60","title":{"rendered":"NightFox&#8217;s Colors"},"content":{"rendered":"\n<figure class=\"wp-block-image is-resized\"><a href=\"https:\/\/nightfoxandco.com\/wp-content\/uploads\/2019\/07\/nds_nightfoxs_colors.png\" target=\"_blank\" rel=\"noopener\"><img loading=\"lazy\" decoding=\"async\" src=\"https:\/\/nightfoxandco.com\/wp-content\/uploads\/2019\/07\/nds_nightfoxs_colors-987x1024.png\" alt=\"\" class=\"wp-image-121\" width=\"494\" height=\"512\" srcset=\"https:\/\/nightfoxandco.com\/wp-content\/uploads\/2019\/07\/nds_nightfoxs_colors-987x1024.png 987w, https:\/\/nightfoxandco.com\/wp-content\/uploads\/2019\/07\/nds_nightfoxs_colors-289x300.png 289w, https:\/\/nightfoxandco.com\/wp-content\/uploads\/2019\/07\/nds_nightfoxs_colors-768x797.png 768w, https:\/\/nightfoxandco.com\/wp-content\/uploads\/2019\/07\/nds_nightfoxs_colors.png 1100w\" sizes=\"auto, (max-width: 494px) 100vw, 494px\" \/><\/a><\/figure>\n\n\n\n<div style=\"height:25px\" aria-hidden=\"true\" class=\"wp-block-spacer\"><\/div>\n\n\n\n<p>NightFox\u2019s Colors fue nuestro primer proyecto completado con \u00e9xito. Programado con PALIB, este juego fue galardonado con el premio correspondiente a la s\u00e9ptima posici\u00f3n en la Neo Summer Compo 2008.<\/p>\n\n\n\n<p>Este juego ha sido quiz\u00e1s uno de los m\u00e1s populares, la \u00faltima versi\u00f3n acumula ya m\u00e1s de 2000 descargas a d\u00eda de hoy.<br>\nA los m\u00e1s veteranos os recodara al Columns de Sega. Bien, ambos son juegos del tipo puzle, donde deberemos juntar en cualquier direcci\u00f3n 3 o m\u00e1s gemas del mismo color. En nuestro juego tambi\u00e9n hemos incluido varias fichas especiales, las cuales a\u00f1aden un extra de mutabilidad.<br>\nEl objetivo del juego s\u00ed que es algo diferente, adem\u00e1s de sobrevivir, deberemos conseguir la mayor cantidad de puntos posibles antes de llegar al nivel 25, \u00faltimo del juego. El sistema de combos premia al jugador, dando m\u00e1s puntos contra m\u00e1s gemas eliminemos por jugada. Adem\u00e1s, cuanto m\u00e1s alto sea el nivel donde nos encontremos, m\u00e1s puntos dar\u00e1n los combos.<\/p>\n\n\n\n<div style=\"height:25px\" aria-hidden=\"true\" class=\"wp-block-spacer\"><\/div>\n\n\n\n<figure class=\"wp-block-image is-resized\"><a href=\"https:\/\/nightfoxandco.com\/wp-content\/uploads\/2019\/07\/nds_nightfoxs_colors_2.png\" target=\"_blank\" rel=\"noopener\"><img loading=\"lazy\" decoding=\"async\" src=\"https:\/\/nightfoxandco.com\/wp-content\/uploads\/2019\/07\/nds_nightfoxs_colors_2-987x1024.png\" alt=\"\" class=\"wp-image-134\" width=\"494\" height=\"512\" srcset=\"https:\/\/nightfoxandco.com\/wp-content\/uploads\/2019\/07\/nds_nightfoxs_colors_2-987x1024.png 987w, https:\/\/nightfoxandco.com\/wp-content\/uploads\/2019\/07\/nds_nightfoxs_colors_2-289x300.png 289w, https:\/\/nightfoxandco.com\/wp-content\/uploads\/2019\/07\/nds_nightfoxs_colors_2-768x797.png 768w, https:\/\/nightfoxandco.com\/wp-content\/uploads\/2019\/07\/nds_nightfoxs_colors_2.png 1100w\" sizes=\"auto, (max-width: 494px) 100vw, 494px\" \/><\/a><\/figure>\n\n\n\n<div style=\"height:25px\" aria-hidden=\"true\" class=\"wp-block-spacer\"><\/div>\n\n\n\n<p>Controles.<br> Usa el D-Pad para mover las gemas que descienden a derecha e izquierda. Con los botones R y L realizaras un movimiento ultra-r\u00e1pido hacia el lateral correspondiente. Puedes acelerar la ca\u00edda de las gemas pulsando el bot\u00f3n Abajo del D-Pad o el bot\u00f3n B para un descenso r\u00e1pido. Con el bot\u00f3n START o cerrando la tapa, el juego entrara en pausa. El bot\u00f3n SELECT aborta la partida, pero nos permitir\u00e1 registrar el record, en caso de haberlo, con los puntos conseguidos hasta ese momento.<\/p>\n\n\n\n<p>Instalaci\u00f3n.<br> Para poder jugar a NightFox\u2019s Colors en tu Nintendo DS necesitar\u00e1s disponer de una flashcard, si no dispones de ninguna, puedes jugar tambi\u00e9n en un emulador de DS para PC, como el <a rel=\"noreferrer noopener\" aria-label=\"no$gba (abre en una nueva pesta\u00f1a)\" href=\"https:\/\/www.nogba.com\/\" target=\"_blank\">no$gba<\/a> o el <a rel=\"noreferrer noopener\" aria-label=\"desmume (abre en una nueva pesta\u00f1a)\" href=\"http:\/\/desmume.org\/\" target=\"_blank\">desmume<\/a>.<br> Para instalar el juego, simplemente copia el archivo .nds en tu <a rel=\"noreferrer noopener\" aria-label=\"flashard (abre en una nueva pesta\u00f1a)\" href=\"https:\/\/en.wikipedia.org\/wiki\/List_of_Nintendo_DS_and_3DS_flash_cartridges\" target=\"_blank\">flashard<\/a> y ejec\u00fatalo.<br> El juego usa el sistema EFS como sistema de archivos. Este sistema requiere inicializarse la primera vez que ejecutes el juego o si lo cambias de directorio. Este proceso, dependiendo del n\u00famero de archivos que tengas en tu tarjeta, puede tardar desde unos pocos segundos hasta casi 10 minutos.<\/p>\n\n\n\n<div style=\"height:25px\" aria-hidden=\"true\" class=\"wp-block-spacer\"><\/div>\n\n\n\n<figure class=\"wp-block-embed is-type-video is-provider-youtube wp-block-embed-youtube wp-embed-aspect-16-9 wp-has-aspect-ratio\"><div class=\"wp-block-embed__wrapper\">\n<iframe loading=\"lazy\" title=\"NDS NightFox&#039;s Colors gameplay\" width=\"780\" height=\"439\" src=\"https:\/\/www.youtube.com\/embed\/PRiH7-3N9ww?feature=oembed\" frameborder=\"0\" allow=\"accelerometer; autoplay; encrypted-media; gyroscope; picture-in-picture\" allowfullscreen><\/iframe>\n<\/div><\/figure>\n\n\n\n<div style=\"height:50px\" aria-hidden=\"true\" class=\"wp-block-spacer\"><\/div>\n\n\n\n<figure class=\"wp-block-image is-resized\"><a href=\"https:\/\/github.com\/knightfox75\/nightfox-s_colors\" target=\"_blank\" rel=\"noreferrer noopener\"><img loading=\"lazy\" decoding=\"async\" src=\"http:\/\/nightfoxandco.com\/wp-content\/uploads\/2019\/07\/download_icon-1024x160.png\" alt=\"\" class=\"wp-image-94\" width=\"512\" height=\"80\" srcset=\"https:\/\/nightfoxandco.com\/wp-content\/uploads\/2019\/07\/download_icon-1024x160.png 1024w, https:\/\/nightfoxandco.com\/wp-content\/uploads\/2019\/07\/download_icon-300x47.png 300w, https:\/\/nightfoxandco.com\/wp-content\/uploads\/2019\/07\/download_icon-768x120.png 768w, https:\/\/nightfoxandco.com\/wp-content\/uploads\/2019\/07\/download_icon-1536x240.png 1536w, https:\/\/nightfoxandco.com\/wp-content\/uploads\/2019\/07\/download_icon.png 1641w\" sizes=\"auto, (max-width: 512px) 100vw, 512px\" \/><\/a><\/figure>\n\n\n\n<div style=\"height:100px\" aria-hidden=\"true\" class=\"wp-block-spacer\"><\/div>\n\n\n\n<figure class=\"wp-block-image is-resized\"><a href=\"https:\/\/creativecommons.org\/licenses\/by-nc\/4.0\/\" target=\"_blank\" rel=\"noreferrer noopener\"><img loading=\"lazy\" decoding=\"async\" src=\"http:\/\/nightfoxandco.com\/wp-content\/uploads\/2019\/07\/cc_by-nc.png\" alt=\"\" class=\"wp-image-83\" width=\"101\" height=\"35\" srcset=\"https:\/\/nightfoxandco.com\/wp-content\/uploads\/2019\/07\/cc_by-nc.png 403w, https:\/\/nightfoxandco.com\/wp-content\/uploads\/2019\/07\/cc_by-nc-300x105.png 300w\" sizes=\"auto, (max-width: 101px) 100vw, 101px\" \/><\/a><\/figure>\n\n\n\n<div style=\"height:100px\" aria-hidden=\"true\" class=\"wp-block-spacer\"><\/div>\n","protected":false},"excerpt":{"rendered":"<p>NightFox\u2019s Colors fue nuestro primer proyecto completado con \u00e9xito. Programado con PALIB, este juego fue galardonado con el premio correspondiente a la s\u00e9ptima posici\u00f3n en la Neo Summer Compo 2008. Este juego ha sido quiz\u00e1s uno de los m\u00e1s populares, la \u00faltima versi\u00f3n acumula ya m\u00e1s de 2000 descargas a d\u00eda de hoy. A los <a class=\"more-link\" href=\"https:\/\/nightfoxandco.com\/?page_id=60\">Read More &#8230;<\/a><\/p>\n","protected":false},"author":1,"featured_media":0,"parent":56,"menu_order":100,"comment_status":"closed","ping_status":"closed","template":"","meta":{"footnotes":""},"class_list":["post-60","page","type-page","status-publish","hentry"],"_links":{"self":[{"href":"https:\/\/nightfoxandco.com\/index.php?rest_route=\/wp\/v2\/pages\/60","targetHints":{"allow":["GET"]}}],"collection":[{"href":"https:\/\/nightfoxandco.com\/index.php?rest_route=\/wp\/v2\/pages"}],"about":[{"href":"https:\/\/nightfoxandco.com\/index.php?rest_route=\/wp\/v2\/types\/page"}],"author":[{"embeddable":true,"href":"https:\/\/nightfoxandco.com\/index.php?rest_route=\/wp\/v2\/users\/1"}],"replies":[{"embeddable":true,"href":"https:\/\/nightfoxandco.com\/index.php?rest_route=%2Fwp%2Fv2%2Fcomments&post=60"}],"version-history":[{"count":17,"href":"https:\/\/nightfoxandco.com\/index.php?rest_route=\/wp\/v2\/pages\/60\/revisions"}],"predecessor-version":[{"id":1143,"href":"https:\/\/nightfoxandco.com\/index.php?rest_route=\/wp\/v2\/pages\/60\/revisions\/1143"}],"up":[{"embeddable":true,"href":"https:\/\/nightfoxandco.com\/index.php?rest_route=\/wp\/v2\/pages\/56"}],"wp:attachment":[{"href":"https:\/\/nightfoxandco.com\/index.php?rest_route=%2Fwp%2Fv2%2Fmedia&parent=60"}],"curies":[{"name":"wp","href":"https:\/\/api.w.org\/{rel}","templated":true}]}}