{"id":1040,"date":"2020-12-21T11:12:00","date_gmt":"2020-12-21T10:12:00","guid":{"rendered":"https:\/\/nightfoxandco.com\/?page_id=1040"},"modified":"2020-12-21T13:40:43","modified_gmt":"2020-12-21T12:40:43","slug":"arduino","status":"publish","type":"page","link":"https:\/\/nightfoxandco.com\/?page_id=1040","title":{"rendered":"Arduino"},"content":{"rendered":"\n<figure class=\"wp-block-image size-large is-resized\"><a href=\"https:\/\/www.arduino.cc\/\" target=\"_blank\" rel=\"noopener\"><img loading=\"lazy\" decoding=\"async\" src=\"https:\/\/nightfoxandco.com\/wp-content\/uploads\/2020\/12\/arduino_logo.png\" alt=\"\" class=\"wp-image-1043\" width=\"360\" height=\"245\" srcset=\"https:\/\/nightfoxandco.com\/wp-content\/uploads\/2020\/12\/arduino_logo.png 720w, https:\/\/nightfoxandco.com\/wp-content\/uploads\/2020\/12\/arduino_logo-300x204.png 300w\" sizes=\"auto, (max-width: 360px) 100vw, 360px\" \/><\/a><\/figure>\n\n\n\n<div style=\"height:100px\" aria-hidden=\"true\" class=\"wp-block-spacer\"><\/div>\n\n\n\n<figure class=\"wp-block-image size-large is-resized\"><a href=\"https:\/\/github.com\/knightfox75\/arduino_multifunctional_expansion_board_interface\" target=\"_blank\" rel=\"noopener\"><img loading=\"lazy\" decoding=\"async\" src=\"https:\/\/nightfoxandco.com\/wp-content\/uploads\/2020\/12\/amebi.png\" alt=\"\" class=\"wp-image-1044\" width=\"223\" height=\"250\" srcset=\"https:\/\/nightfoxandco.com\/wp-content\/uploads\/2020\/12\/amebi.png 891w, https:\/\/nightfoxandco.com\/wp-content\/uploads\/2020\/12\/amebi-267x300.png 267w, https:\/\/nightfoxandco.com\/wp-content\/uploads\/2020\/12\/amebi-768x862.png 768w\" sizes=\"auto, (max-width: 223px) 100vw, 223px\" \/><\/a><\/figure>\n\n\n\n<p><strong>Arduino Multifunctional Expansion Board Interface<\/strong><\/p>\n\n\n\n<p>Librer\u00eda para facilitar el uso de esta expansi\u00f3n orientada al aprendizaje de la programaci\u00f3n en Arduino.<br>(<a href=\"https:\/\/github.com\/knightfox75\/arduino_multifunctional_expansion_board_interface\" target=\"_blank\" rel=\"noreferrer noopener\">Repositorio en Github del proyecto<\/a>)<\/p>\n\n\n\n<div style=\"height:100px\" aria-hidden=\"true\" class=\"wp-block-spacer\"><\/div>\n\n\n\n<figure class=\"wp-block-image size-large is-resized\"><a href=\"https:\/\/creativecommons.org\/licenses\/by-nc\/4.0\/\" target=\"_blank\" rel=\"noopener\"><img loading=\"lazy\" decoding=\"async\" src=\"https:\/\/nightfoxandco.com\/wp-content\/uploads\/2019\/07\/cc_by-nc.png\" alt=\"\" class=\"wp-image-83\" width=\"101\" height=\"35\" srcset=\"https:\/\/nightfoxandco.com\/wp-content\/uploads\/2019\/07\/cc_by-nc.png 403w, https:\/\/nightfoxandco.com\/wp-content\/uploads\/2019\/07\/cc_by-nc-300x105.png 300w\" sizes=\"auto, (max-width: 101px) 100vw, 101px\" \/><\/a><\/figure>\n\n\n\n<div style=\"height:100px\" aria-hidden=\"true\" class=\"wp-block-spacer\"><\/div>\n","protected":false},"excerpt":{"rendered":"<p>Arduino Multifunctional Expansion Board Interface Librer\u00eda para facilitar el uso de esta expansi\u00f3n orientada al aprendizaje de la programaci\u00f3n en Arduino.(Repositorio en Github del proyecto)<\/p>\n","protected":false},"author":1,"featured_media":0,"parent":27,"menu_order":400,"comment_status":"closed","ping_status":"closed","template":"","meta":{"footnotes":""},"class_list":["post-1040","page","type-page","status-publish","hentry"],"_links":{"self":[{"href":"https:\/\/nightfoxandco.com\/index.php?rest_route=\/wp\/v2\/pages\/1040","targetHints":{"allow":["GET"]}}],"collection":[{"href":"https:\/\/nightfoxandco.com\/index.php?rest_route=\/wp\/v2\/pages"}],"about":[{"href":"https:\/\/nightfoxandco.com\/index.php?rest_route=\/wp\/v2\/types\/page"}],"author":[{"embeddable":true,"href":"https:\/\/nightfoxandco.com\/index.php?rest_route=\/wp\/v2\/users\/1"}],"replies":[{"embeddable":true,"href":"https:\/\/nightfoxandco.com\/index.php?rest_route=%2Fwp%2Fv2%2Fcomments&post=1040"}],"version-history":[{"count":5,"href":"https:\/\/nightfoxandco.com\/index.php?rest_route=\/wp\/v2\/pages\/1040\/revisions"}],"predecessor-version":[{"id":1053,"href":"https:\/\/nightfoxandco.com\/index.php?rest_route=\/wp\/v2\/pages\/1040\/revisions\/1053"}],"up":[{"embeddable":true,"href":"https:\/\/nightfoxandco.com\/index.php?rest_route=\/wp\/v2\/pages\/27"}],"wp:attachment":[{"href":"https:\/\/nightfoxandco.com\/index.php?rest_route=%2Fwp%2Fv2%2Fmedia&parent=1040"}],"curies":[{"name":"wp","href":"https:\/\/api.w.org\/{rel}","templated":true}]}}